{"id":4922,"date":"2019-06-06T09:36:57","date_gmt":"2019-06-06T02:36:57","guid":{"rendered":"https:\/\/gamigroup.com\/van-hoa-gami\/"},"modified":"2021-06-28T10:52:03","modified_gmt":"2021-06-28T03:52:03","slug":"van-hoa-gami","status":"publish","type":"page","link":"https:\/\/gamigroup.com\/zh-hant\/van-hoa-gami\/","title":{"rendered":"V\u0103n h\u00f3a Gami"},"content":{"rendered":"\n\t<section class=\"section\" id=\"section_882929993\">\n\t\t<div class=\"section-bg fill\" >\n\t\t\t<img loading=\"lazy\" decoding=\"async\" width=\"1920\" height=\"989\" src=\"https:\/\/gamigroup.com\/wp-content\/uploads\/2019\/06\/bg-sub.jpg\" class=\"bg attachment- size-\" alt=\"\" title=\"\">\t\t\t\t\t\t\n\t\t\t\n\n\t\t<\/div>\n\n\t\t\n\n\t\t<div class=\"section-content relative\">\n\t\t\t\n<div class=\"row\" id=\"row-1076516808\">\n\n\t<div id=\"col-1470598364\" class=\"col small-12 large-12\" >\n\t\t\t\t<div class=\"col-inner\" >\n\t\t\t\n\t\t\t\n <div id=\"page-header-1892645083\" class=\"page-header-wrapper\">\n <div class=\"page-title dark simple-title\">\n\n \n <div class=\"page-title-inner container align-center flex-row medium-flex-wrap\" >\n <div class=\"title-wrapper is-large flex-col text-left medium-text-center\">\n <h1 class=\"entry-title mb-0\">\n V\u0103n h\u00f3a Gami <\/h1>\n <\/div>\n <div class=\"title-content flex-col flex-right text-right medium-text-center\">\n <div class=\"title-share pt-half pb-half\"><div class=\"social-icons share-icons share-row relative\" ><a href=\"https:\/\/www.facebook.com\/sharer.php?u=https:\/\/gamigroup.com\/zh-hant\/van-hoa-gami\/\" data-label=\"Facebook\" onclick=\"window.open(this.href,this.title,'width=500,height=500,top=300px,left=300px'); return false;\" target=\"_blank\" class=\"icon button circle is-outline tooltip facebook\" title=\"Share on Facebook\" aria-label=\"Share on Facebook\" rel=\"noopener nofollow\" ><i class=\"icon-facebook\" ><\/i><\/a><a href=\"https:\/\/twitter.com\/share?url=https:\/\/gamigroup.com\/zh-hant\/van-hoa-gami\/\" onclick=\"window.open(this.href,this.title,'width=500,height=500,top=300px,left=300px'); return false;\" target=\"_blank\" class=\"icon button circle is-outline tooltip twitter\" title=\"Share on Twitter\" aria-label=\"Share on Twitter\" rel=\"noopener nofollow\" ><i class=\"icon-twitter\" ><\/i><\/a><a href=\"mailto:?subject=V%C4%83n%20h%C3%B3a%20Gami&body=Check%20this%20out%3A%20https%3A%2F%2Fgamigroup.com%2Fzh-hant%2Fvan-hoa-gami%2F\" class=\"icon button circle is-outline tooltip email\" title=\"Email to a Friend\" aria-label=\"Email to a Friend\" rel=\"nofollow\" ><i class=\"icon-envelop\" ><\/i><\/a><a href=\"https:\/\/www.linkedin.com\/shareArticle?mini=true&url=https:\/\/gamigroup.com\/zh-hant\/van-hoa-gami\/&title=V%C4%83n%20h%C3%B3a%20Gami\" onclick=\"window.open(this.href,this.title,'width=500,height=500,top=300px,left=300px'); return false;\" target=\"_blank\" class=\"icon button circle is-outline tooltip linkedin\" title=\"Share on LinkedIn\" aria-label=\"Share on LinkedIn\" rel=\"noopener nofollow\" ><i class=\"icon-linkedin\" ><\/i><\/a><a href=\"https:\/\/telegram.me\/share\/url?url=https:\/\/gamigroup.com\/zh-hant\/van-hoa-gami\/\" onclick=\"window.open(this.href,this.title,'width=500,height=500,top=300px,left=300px'); return false;\" target=\"_blank\" class=\"icon button circle is-outline tooltip telegram\" title=\"Share on Telegram\" aria-label=\"Share on Telegram\" rel=\"noopener nofollow\" ><i class=\"icon-telegram\" ><\/i><\/a><\/div><\/div> <\/div>\n <\/div>\n\n <\/div>\n <\/div>\n \n\t\t<\/div>\n\t\t\t\t\t<\/div>\n\n\t\n<\/div>\n\t\t<\/div>\n\n\t\t\n<style>\n#section_882929993{\n padding-top:30px;\n padding-bottom:30px;\n}\n#section_882929993 .section-bg img{\n object-position:0% 52%;\n}\n<\/style>\n\t<\/section>\n\t\n\n\t<section class=\"section\" id=\"section_986853045\">\n\t\t<div class=\"section-bg fill\" >\n\t\t\t\t\t\t\t\t\t\n\t\t\t\n\n\t\t<\/div>\n\n\t\t\n\n\t\t<div class=\"section-content relative\">\n\t\t\t\n<div class=\"row\" id=\"row-1946419612\">\n\n\t<div id=\"col-889278669\" class=\"col small-12 large-12\" >\n\t\t\t\t<div class=\"col-inner\" >\n\t\t\t\n\t\t\t\n<p>Gami x\u00e2y d\u1ef1ng m\u1ed9t m\u00f4i tr\u01b0\u1eddng k\u1ef7 lu\u1eadt, s\u00e1ng t\u1ea1o, t\u1eadn t\u00e2m, v\u1edbi s\u1ef1 t\u00f4n tr\u1ecdng l\u1eabn nhau, \u0111\u01b0\u1ee3c t\u1ef1 do th\u1ec3 hi\u1ec7n v\u1edbi tinh th\u1ea7n tr\u00e1ch nhi\u1ec7m cao nh\u1ea5t, \u0111\u01b0\u1ee3c h\u1ecdc h\u1ecfi, s\u00e1ng t\u1ea1o kh\u00f4ng ng\u1eebng v\u00e0 c\u1ea7n s\u1ef1 cam k\u1ebft trung th\u1ef1c, li\u00eam ch\u00ednh trong c\u00f4ng vi\u1ec7c, cu\u1ed9c s\u1ed1ng.<\/p>\n<p style=\"text-align: center;\"><img loading=\"lazy\" decoding=\"async\" class=\"alignnone wp-image-5343 size-large\" src=\"https:\/\/gamigroup.com\/wp-content\/uploads\/2021\/06\/ngoinhagami-new2-1024x857.png\" alt=\"\" width=\"1020\" height=\"854\" title=\"\" srcset=\"https:\/\/gamigroup.com\/wp-content\/uploads\/2021\/06\/ngoinhagami-new2-1024x857.png 1024w, https:\/\/gamigroup.com\/wp-content\/uploads\/2021\/06\/ngoinhagami-new2-300x251.png 300w, https:\/\/gamigroup.com\/wp-content\/uploads\/2021\/06\/ngoinhagami-new2-768x643.png 768w, https:\/\/gamigroup.com\/wp-content\/uploads\/2021\/06\/ngoinhagami-new2-1536x1286.png 1536w, https:\/\/gamigroup.com\/wp-content\/uploads\/2021\/06\/ngoinhagami-new2.png 1656w\" sizes=\"auto, (max-width: 1020px) 100vw, 1020px\" \/><\/p>\n<p style=\"text-align: center;\">\u00a0<\/p>\n<p>\u00a0<\/p>\n<p style=\"text-align: center;\">V\u0103n h\u00f3a doanh nghi\u1ec7p g\u00f3p ph\u1ea7n t\u1ea1o n\u00ean nh\u1eefng gi\u00e1 tr\u1ecb v\u1eefng m\u1ea1nh, l\u00e0 ti\u1ec1n \u0111\u1ec1 cho s\u1ef1 ph\u00e1t tri\u1ec3n kh\u00f4ng ng\u1eebng c\u1ee7a Gami Group<\/p>\n\t<div class=\"img has-hover x md-x lg-x y md-y lg-y\" id=\"image_46677801\">\n\t\t<a class=\"\" href=\"https:\/\/gamigroup.com\/gami-26-nam\/\" target=\"_blank\" rel=\"noopener\" >\t\t\t\t<div data-animate=\"fadeInDown\">\t\t<div class=\"img-inner image-zoom dark\" style=\"margin:0px 0px 0px 0px;\">\n\t\t\t<img loading=\"lazy\" decoding=\"async\" width=\"800\" height=\"387\" src=\"https:\/\/gamigroup.com\/wp-content\/uploads\/2019\/11\/IMG_1187.jpg\" class=\"attachment-original size-original\" alt=\"\" srcset=\"https:\/\/gamigroup.com\/wp-content\/uploads\/2019\/11\/IMG_1187.jpg 800w, https:\/\/gamigroup.com\/wp-content\/uploads\/2019\/11\/IMG_1187-300x145.jpg 300w, https:\/\/gamigroup.com\/wp-content\/uploads\/2019\/11\/IMG_1187-768x372.jpg 768w\" sizes=\"auto, (max-width: 800px) 100vw, 800px\" title=\"\">\t\t\t\t\t\t\n\t\t\t\t\t<\/div>\n\t\t<\/div>\t\t\t\t<\/a>\t\t\n<style>\n#image_46677801{\n width:100%;\n}\n<\/style>\n\t<\/div>\n\t\n<a href=\"https:\/\/gamigroup.com\/gami-26-nam\/\" class=\"button primary is-shade is-large box-shadow-3 box-shadow-5-hover lowercase\" style=\"border-radius:5px;\">\n\t\t<span>Click xem chi ti\u1ebft!<\/span>\n\t<\/a>\n\n\t<div class=\"img has-hover x md-x lg-x y md-y lg-y\" id=\"image_1610036148\">\n\t\t<a class=\"open-video\" href=\"https:\/\/www.youtube.com\/watch?v=NIPLhlmD2lU\" target=\"_blank\" rel=\"noopener\">\t\t\t\t\t\t<div class=\"img-inner dark\" style=\"margin:0px 0px 0px 0px;\">\n\t\t\t<img loading=\"lazy\" decoding=\"async\" width=\"800\" height=\"482\" src=\"https:\/\/gamigroup.com\/wp-content\/uploads\/2019\/11\/BIN_1221.jpg\" class=\"attachment-original size-original\" alt=\"\" srcset=\"https:\/\/gamigroup.com\/wp-content\/uploads\/2019\/11\/BIN_1221.jpg 800w, https:\/\/gamigroup.com\/wp-content\/uploads\/2019\/11\/BIN_1221-300x181.jpg 300w, https:\/\/gamigroup.com\/wp-content\/uploads\/2019\/11\/BIN_1221-768x463.jpg 768w\" sizes=\"auto, (max-width: 800px) 100vw, 800px\" title=\"\">\t\t\t\t\t\t\t<div class=\"overlay\" style=\"background-color: rgba(0,0,0,.2)\"><\/div>\n\t\t\t\t\t\t\t\t\t\t<div class=\"absolute no-click x50 y50 md-x50 md-y50 lg-x50 lg-y50 text-shadow-2\">\n\t\t\t\t\t<div class=\"overlay-icon\">\n\t\t\t\t\t\t<i class=\"icon-play\"><\/i>\n\t\t\t\t\t<\/div>\n\t\t\t\t<\/div>\n\t\t\t\n\t\t\t\t\t<\/div>\n\t\t\t\t\t\t<\/a>\t\t\n<style>\n#image_1610036148{\n width:100%;\n}\n<\/style>\n\t<\/div>\n\t\n<a href=\"https:\/\/www.youtube.com\/watch?v=NIPLhlmD2lU\" target=\"_blank\" class=\"button primary is-shade is-large box-shadow-3 box-shadow-5-hover lowercase\" rel=\"noopener\" style=\"border-radius:5px;\">\n\t\t<span>Click xem chi ti\u1ebft!<\/span>\n\t<\/a>\n\n\t\t<\/div>\n\t\t\t\t\t<\/div>\n\n\t\n<\/div>\n\t\t<\/div>\n\n\t\t\n<style>\n#section_986853045{\n padding-top:30px;\n padding-bottom:30px;\n}\n<\/style>\n\t<\/section>\n\t\n","protected":false},"excerpt":{"rendered":"","protected":false},"author":8,"featured_media":0,"parent":0,"menu_order":0,"comment_status":"closed","ping_status":"closed","template":"page-transparent-header-light.php","meta":{"footnotes":""},"class_list":["post-4922","page","type-page","status-publish","hentry"],"_links":{"self":[{"href":"https:\/\/gamigroup.com\/zh-hant\/wp-json\/wp\/v2\/pages\/4922","targetHints":{"allow":["GET"]}}],"collection":[{"href":"https:\/\/gamigroup.com\/zh-hant\/wp-json\/wp\/v2\/pages"}],"about":[{"href":"https:\/\/gamigroup.com\/zh-hant\/wp-json\/wp\/v2\/types\/page"}],"author":[{"embeddable":true,"href":"https:\/\/gamigroup.com\/zh-hant\/wp-json\/wp\/v2\/users\/8"}],"replies":[{"embeddable":true,"href":"https:\/\/gamigroup.com\/zh-hant\/wp-json\/wp\/v2\/comments?post=4922"}],"version-history":[{"count":0,"href":"https:\/\/gamigroup.com\/zh-hant\/wp-json\/wp\/v2\/pages\/4922\/revisions"}],"wp:attachment":[{"href":"https:\/\/gamigroup.com\/zh-hant\/wp-json\/wp\/v2\/media?parent=4922"}],"curies":[{"name":"wp","href":"https:\/\/api.w.org\/{rel}","templated":true}]}}