{"id":4914,"date":"2019-06-06T09:35:49","date_gmt":"2019-06-06T02:35:49","guid":{"rendered":"https:\/\/gamigroup.com\/su-menh-gami\/"},"modified":"2021-06-28T10:48:43","modified_gmt":"2021-06-28T03:48:43","slug":"su-menh-gami","status":"publish","type":"page","link":"https:\/\/gamigroup.com\/zh-hant\/su-menh-gami\/","title":{"rendered":"S\u1ee9 m\u1ec7nh Gami"},"content":{"rendered":"\n\t<section class=\"section\" id=\"section_1462825295\">\n\t\t<div class=\"section-bg fill\" >\n\t\t\t<img loading=\"lazy\" decoding=\"async\" width=\"1920\" height=\"989\" src=\"https:\/\/gamigroup.com\/wp-content\/uploads\/2019\/06\/bg-sub.jpg\" class=\"bg attachment- size-\" alt=\"\" title=\"\">\t\t\t\t\t\t\n\t\t\t\n\n\t\t<\/div>\n\n\t\t\n\n\t\t<div class=\"section-content relative\">\n\t\t\t\n<div class=\"row\" id=\"row-624442428\">\n\n\t<div id=\"col-886690866\" class=\"col small-12 large-12\" >\n\t\t\t\t<div class=\"col-inner\" >\n\t\t\t\n\t\t\t\n <div id=\"page-header-1670272192\" class=\"page-header-wrapper\">\n <div class=\"page-title dark simple-title\">\n\n \n <div class=\"page-title-inner container align-center flex-row medium-flex-wrap\" >\n <div class=\"title-wrapper is-large flex-col text-left medium-text-center\">\n <h1 class=\"entry-title mb-0\">\n S\u1ee9 m\u1ec7nh Gami <\/h1>\n <\/div>\n <div class=\"title-content flex-col flex-right text-right medium-text-center\">\n <div class=\"title-share pt-half pb-half\"><div class=\"social-icons share-icons share-row relative\" ><a href=\"https:\/\/www.facebook.com\/sharer.php?u=https:\/\/gamigroup.com\/zh-hant\/su-menh-gami\/\" data-label=\"Facebook\" onclick=\"window.open(this.href,this.title,'width=500,height=500,top=300px,left=300px'); return false;\" target=\"_blank\" class=\"icon button circle is-outline tooltip facebook\" title=\"Share on Facebook\" aria-label=\"Share on Facebook\" rel=\"noopener nofollow\" ><i class=\"icon-facebook\" ><\/i><\/a><a href=\"https:\/\/twitter.com\/share?url=https:\/\/gamigroup.com\/zh-hant\/su-menh-gami\/\" onclick=\"window.open(this.href,this.title,'width=500,height=500,top=300px,left=300px'); return false;\" target=\"_blank\" class=\"icon button circle is-outline tooltip twitter\" title=\"Share on Twitter\" aria-label=\"Share on Twitter\" rel=\"noopener nofollow\" ><i class=\"icon-twitter\" ><\/i><\/a><a href=\"mailto:?subject=S%E1%BB%A9%20m%E1%BB%87nh%20Gami&body=Check%20this%20out%3A%20https%3A%2F%2Fgamigroup.com%2Fzh-hant%2Fsu-menh-gami%2F\" class=\"icon button circle is-outline tooltip email\" title=\"Email to a Friend\" aria-label=\"Email to a Friend\" rel=\"nofollow\" ><i class=\"icon-envelop\" ><\/i><\/a><a href=\"https:\/\/www.linkedin.com\/shareArticle?mini=true&url=https:\/\/gamigroup.com\/zh-hant\/su-menh-gami\/&title=S%E1%BB%A9%20m%E1%BB%87nh%20Gami\" onclick=\"window.open(this.href,this.title,'width=500,height=500,top=300px,left=300px'); return false;\" target=\"_blank\" class=\"icon button circle is-outline tooltip linkedin\" title=\"Share on LinkedIn\" aria-label=\"Share on LinkedIn\" rel=\"noopener nofollow\" ><i class=\"icon-linkedin\" ><\/i><\/a><a href=\"https:\/\/telegram.me\/share\/url?url=https:\/\/gamigroup.com\/zh-hant\/su-menh-gami\/\" onclick=\"window.open(this.href,this.title,'width=500,height=500,top=300px,left=300px'); return false;\" target=\"_blank\" class=\"icon button circle is-outline tooltip telegram\" title=\"Share on Telegram\" aria-label=\"Share on Telegram\" rel=\"noopener nofollow\" ><i class=\"icon-telegram\" ><\/i><\/a><\/div><\/div> <\/div>\n <\/div>\n\n <\/div>\n <\/div>\n \n\t\t<\/div>\n\t\t\t\t\t<\/div>\n\n\t\n<\/div>\n\t\t<\/div>\n\n\t\t\n<style>\n#section_1462825295{\n padding-top:30px;\n padding-bottom:30px;\n}\n#section_1462825295 .section-bg img{\n object-position:0% 52%;\n}\n<\/style>\n\t<\/section>\n\t\n\n\t<section class=\"section\" id=\"section_539651086\">\n\t\t<div class=\"section-bg fill\" >\n\t\t\t\t\t\t\t\t\t\n\t\t\t\n\n\t\t<\/div>\n\n\t\t\n\n\t\t<div class=\"section-content relative\">\n\t\t\t\n<div class=\"row align-middle align-center\" id=\"row-30623050\">\n\n\t<div id=\"col-1991560879\" class=\"col medium-9 small-12 large-9\" >\n\t\t\t\t<div class=\"col-inner text-center\" >\n\t\t\t\n\t\t\t\n<p>Gami Group ph\u1ea5n \u0111\u1ea5u tr\u1edf th\u00e0nh t\u1ed5 ch\u1ee9c kinh t\u1ebf h\u00e0ng \u0111\u1ea7u trong nh\u1eefng th\u1ecb tr\u01b0\u1eddng l\u1ef1a ch\u1ecdn c\u1ee7a m\u00ecnh, t\u1ea1o m\u00f4i tr\u01b0\u1eddng h\u1ecdc h\u1ecfi &#8211; n\u0103ng \u0111\u1ed9ng \u0111\u1ec3 m\u1ed7i th\u00e0nh vi\u00ean c\u00f3 th\u1ec3 bi\u1ebfn \u01b0\u1edbc m\u01a1 v\u1ec1 v\u1eadt ch\u1ea5t v\u00e0 tinh th\u1ea7n th\u00e0nh hi\u1ec7n th\u1ef1c th\u00f4ng qua vi\u1ec7c l\u00e0m h\u00e0i l\u00f2ng kh\u00e1ch h\u00e0ng, \u0111\u1ed1i t\u00e1c; th\u1ecfa m\u00e3n nh\u00e0 \u0111\u1ea7u t\u01b0, x\u00e2y d\u1ef1ng m\u1ed9t t\u1ed5 ch\u1ee9c b\u1ec1n v\u1eefng, g\u00f3p ph\u1ea7n ph\u00e1t tri\u1ec3n n\u1ec1n kinh t\u1ebf \u0111\u1ea5t n\u01b0\u1edbc.<\/p>\n<p>\u00a0<\/p>\n\t<div class=\"img has-hover x md-x lg-x y md-y lg-y\" id=\"image_1626878457\">\n\t\t\t\t\t\t\t\t<div class=\"img-inner dark\" >\n\t\t\t<img loading=\"lazy\" decoding=\"async\" width=\"1920\" height=\"950\" src=\"https:\/\/gamigroup.com\/wp-content\/uploads\/2021\/06\/slide2-1920x9502-1.jpg\" class=\"attachment-original size-original\" alt=\"\" srcset=\"https:\/\/gamigroup.com\/wp-content\/uploads\/2021\/06\/slide2-1920x9502-1.jpg 1920w, https:\/\/gamigroup.com\/wp-content\/uploads\/2021\/06\/slide2-1920x9502-1-300x148.jpg 300w, https:\/\/gamigroup.com\/wp-content\/uploads\/2021\/06\/slide2-1920x9502-1-1024x507.jpg 1024w, https:\/\/gamigroup.com\/wp-content\/uploads\/2021\/06\/slide2-1920x9502-1-768x380.jpg 768w, https:\/\/gamigroup.com\/wp-content\/uploads\/2021\/06\/slide2-1920x9502-1-1536x760.jpg 1536w\" sizes=\"auto, (max-width: 1920px) 100vw, 1920px\" title=\"\">\t\t\t\t\t\t\n\t\t\t\t\t<\/div>\n\t\t\t\t\t\t\t\t\n<style>\n#image_1626878457{\n width:100%;\n}\n<\/style>\n\t<\/div>\n\t\n\t\t<\/div>\n\t\t\t\t\t<\/div>\n\n\t\n<\/div>\n\t\t<\/div>\n\n\t\t\n<style>\n#section_539651086{\n padding-top:30px;\n padding-bottom:30px;\n}\n<\/style>\n\t<\/section>\n\t\n","protected":false},"excerpt":{"rendered":"","protected":false},"author":8,"featured_media":0,"parent":0,"menu_order":0,"comment_status":"closed","ping_status":"closed","template":"page-transparent-header-light.php","meta":{"footnotes":""},"class_list":["post-4914","page","type-page","status-publish","hentry"],"_links":{"self":[{"href":"https:\/\/gamigroup.com\/zh-hant\/wp-json\/wp\/v2\/pages\/4914","targetHints":{"allow":["GET"]}}],"collection":[{"href":"https:\/\/gamigroup.com\/zh-hant\/wp-json\/wp\/v2\/pages"}],"about":[{"href":"https:\/\/gamigroup.com\/zh-hant\/wp-json\/wp\/v2\/types\/page"}],"author":[{"embeddable":true,"href":"https:\/\/gamigroup.com\/zh-hant\/wp-json\/wp\/v2\/users\/8"}],"replies":[{"embeddable":true,"href":"https:\/\/gamigroup.com\/zh-hant\/wp-json\/wp\/v2\/comments?post=4914"}],"version-history":[{"count":0,"href":"https:\/\/gamigroup.com\/zh-hant\/wp-json\/wp\/v2\/pages\/4914\/revisions"}],"wp:attachment":[{"href":"https:\/\/gamigroup.com\/zh-hant\/wp-json\/wp\/v2\/media?parent=4914"}],"curies":[{"name":"wp","href":"https:\/\/api.w.org\/{rel}","templated":true}]}}