{"id":4906,"date":"2019-09-27T11:01:32","date_gmt":"2019-09-27T04:01:32","guid":{"rendered":"https:\/\/gamigroup.com\/loi-the-tan-tam\/"},"modified":"2020-05-29T08:52:45","modified_gmt":"2020-05-29T01:52:45","slug":"loi-the-tan-tam","status":"publish","type":"page","link":"https:\/\/gamigroup.com\/zh-hant\/loi-the-tan-tam\/","title":{"rendered":"L\u1eddi th\u1ec1 t\u1eadn t\u00e2m"},"content":{"rendered":"\n\t<section class=\"section lp-section-header\" id=\"section_1454114162\">\n\t\t<div class=\"section-bg fill\" >\n\t\t\t\t\t\t\t\t\t\n\t\t\t\n\n\t\t<\/div>\n\n\t\t\n\n\t\t<div class=\"section-content relative\">\n\t\t\t\n<div class=\"row row-full-width\" id=\"row-1375617112\">\n\n\t<div id=\"col-1219091342\" class=\"col pb-0 small-12 large-12 tip-top\" title=\"Trang ch\u1ee7 sinh nh\u1eadt\" >\n\t\t\t\t<div class=\"col-inner\" >\n\t\t\t\n\t\t\t\n<div class=\"lp-site-header\">\n<h1 class=\"lp-logo bounceInRight animated\"><a href=\"\/gami-26-nam\/\"><img loading=\"lazy\" decoding=\"async\" class=\"alignnone wp-image-2633 size-full\" src=\"https:\/\/gamigroup.com\/wp-content\/uploads\/2019\/09\/gami-logo26nam-170140.png\" alt=\"\" width=\"170\" height=\"140\" title=\"\"><\/a><\/h1>\n<\/div>\n\t\t<\/div>\n\t\t\t\t\t<\/div>\n\n\t\n<\/div>\n\t\t<\/div>\n\n\t\t\n<style>\n#section_1454114162{\n padding-top:20px;\n padding-bottom:20px;\n}\n<\/style>\n\t<\/section>\n\t\n<span class=\"scroll-to\" data-label=\"Scroll to: #gamicup\" data-bullet=\"true\" data-link=\"#gamicup\" data-title=\"Gi\u1ea3i b\u00f3ng \u0111\u00e1 Gami Cup\" ><a name=\"gamicup\"><\/a><\/span>\n\n\t<section class=\"section dark has-parallax\" id=\"section_2118657626\">\n\t\t<div class=\"section-bg fill\" data-parallax-container=\".section\" data-parallax-background data-parallax=\"-3\">\n\t\t\t<img loading=\"lazy\" decoding=\"async\" width=\"1920\" height=\"1080\" src=\"https:\/\/gamigroup.com\/wp-content\/uploads\/2019\/09\/Gui-Loi-The-Tan-Tam.jpg\" class=\"bg attachment-original size-original\" alt=\"\" title=\"\">\t\t\t\t\t\t<div class=\"section-bg-overlay absolute fill\"><\/div>\n\t\t\t\n\n\t\t<\/div>\n\n\t\t\n\n\t\t<div class=\"section-content relative\">\n\t\t\t\n<div class=\"row align-middle\" id=\"row-647145250\">\n\n\t<div id=\"col-54308201\" class=\"col pb-0 medium-6 small-12 large-6\" data-animate=\"fadeInUp\">\n\t\t\t\t<div class=\"col-inner\" >\n\t\t\t\n\t\t\t\n<h6 class=\"text-center\">Gami- T\u00ecnh c\u1ea3m<\/h6>\n<h2 class=\"lp-section-title text-center\">G\u1eedi l\u1eddi th\u1ec1 t\u1eadn t\u00e2m<\/h2>\n<p class=\"text-center\">C\u00e1c c\u00e1 nh\u00e2n \u0111ang l\u00e0m vi\u1ec7c t\u1ea1i \u0111\u01a1n v\u1ecb s\u1ebd t\u1ef1 tay ghi L\u1eddi th\u1ec1 t\u1eadn t\u00e2m c\u1ee7a m\u00ecnh v\u1edbi t\u1ed5 ch\u1ee9c.<\/p>\n\t\t<\/div>\n\t\t\t\t\t<\/div>\n\n\t\n<\/div>\n\t\t<\/div>\n\n\t\t\n<style>\n#section_2118657626{\n padding-top:90px;\n padding-bottom:90px;\n min-height:600px;\n background-color:rgb(24,46,9);\n}\n#section_2118657626 .section-bg-overlay{\n background-color:rgba(0,0,0,0.2);\n}\n#section_2118657626 .section-bg img{\n object-position:50% 100%;\n}\n<\/style>\n\t<\/section>\n\t\n\n\t<section class=\"section\" id=\"section_2123962743\">\n\t\t<div class=\"section-bg fill\" >\n\t\t\t\t\t\t\t\t\t\n\t\t\t\n\n\t\t<\/div>\n\n\t\t\n\n\t\t<div class=\"section-content relative\">\n\t\t\t\n<div class=\"row\" id=\"row-1405182295\">\n\n\t<div id=\"col-199330343\" class=\"col small-12 large-12\" >\n\t\t\t\t<div class=\"col-inner\" >\n\t\t\t\n\t\t\t\n<div class=\"container section-title-container\" ><h3 class=\"section-title section-title-center\"><b><\/b><span class=\"section-title-main\" >Gami Group - S\u1ed5 l\u1eddi th\u1ec1 t\u1eadn t\u00e2m<\/span><b><\/b><\/h3><\/div>\n<div class=\"video video-fit mb\" style=\"padding-top:56.25%;\"><p><iframe loading=\"lazy\" title=\"Gami Group - S\u1ed5 l\u1eddi th\u1ec1 t\u1eadn t\u00e2m\" width=\"1020\" height=\"574\" src=\"https:\/\/www.youtube.com\/embed\/3u3nYFqqysc?feature=oembed\" frameborder=\"0\" allow=\"accelerometer; autoplay; clipboard-write; encrypted-media; gyroscope; picture-in-picture; web-share\" referrerpolicy=\"strict-origin-when-cross-origin\" allowfullscreen><\/iframe><\/p>\n<\/div>\n\t\t<\/div>\n\t\t\t\t\t<\/div>\n\n\t\n<\/div>\n\t\t<\/div>\n\n\t\t\n<style>\n#section_2123962743{\n padding-top:30px;\n padding-bottom:30px;\n}\n<\/style>\n\t<\/section>\n\t\n","protected":false},"excerpt":{"rendered":"","protected":false},"author":8,"featured_media":0,"parent":0,"menu_order":0,"comment_status":"closed","ping_status":"closed","template":"page-blank-landingpage.php","meta":{"footnotes":""},"class_list":["post-4906","page","type-page","status-publish","hentry"],"_links":{"self":[{"href":"https:\/\/gamigroup.com\/zh-hant\/wp-json\/wp\/v2\/pages\/4906","targetHints":{"allow":["GET"]}}],"collection":[{"href":"https:\/\/gamigroup.com\/zh-hant\/wp-json\/wp\/v2\/pages"}],"about":[{"href":"https:\/\/gamigroup.com\/zh-hant\/wp-json\/wp\/v2\/types\/page"}],"author":[{"embeddable":true,"href":"https:\/\/gamigroup.com\/zh-hant\/wp-json\/wp\/v2\/users\/8"}],"replies":[{"embeddable":true,"href":"https:\/\/gamigroup.com\/zh-hant\/wp-json\/wp\/v2\/comments?post=4906"}],"version-history":[{"count":0,"href":"https:\/\/gamigroup.com\/zh-hant\/wp-json\/wp\/v2\/pages\/4906\/revisions"}],"wp:attachment":[{"href":"https:\/\/gamigroup.com\/zh-hant\/wp-json\/wp\/v2\/media?parent=4906"}],"curies":[{"name":"wp","href":"https:\/\/api.w.org\/{rel}","templated":true}]}}