{"id":4895,"date":"2019-06-13T14:49:06","date_gmt":"2019-06-13T07:49:06","guid":{"rendered":"https:\/\/gamigroup.com\/gioi-thieu-vien-dao-tao\/"},"modified":"2023-03-16T14:42:25","modified_gmt":"2023-03-16T07:42:25","slug":"gioi-thieu-vien-dao-tao","status":"publish","type":"page","link":"https:\/\/gamigroup.com\/zh-hant\/gioi-thieu-vien-dao-tao\/","title":{"rendered":"Gi\u01a1\u0301i thi\u00ea\u0323u vi\u1ec7n \u0111\u00e0o t\u1ea1o"},"content":{"rendered":"\n\t<section class=\"section\" id=\"section_236686186\">\n\t\t<div class=\"section-bg fill\" >\n\t\t\t<img loading=\"lazy\" decoding=\"async\" width=\"1920\" height=\"989\" src=\"https:\/\/gamigroup.com\/wp-content\/uploads\/2019\/06\/bg-sub.jpg\" class=\"bg attachment- size-\" alt=\"\" title=\"\">\t\t\t\t\t\t\n\t\t\t\n\n\t\t<\/div>\n\n\t\t\n\n\t\t<div class=\"section-content relative\">\n\t\t\t\n<div class=\"row\" id=\"row-85079269\">\n\n\t<div id=\"col-463718525\" class=\"col small-12 large-12\" >\n\t\t\t\t<div class=\"col-inner\" >\n\t\t\t\n\t\t\t\n <div id=\"page-header-1987513691\" class=\"page-header-wrapper\">\n <div class=\"page-title dark simple-title\">\n\n \n <div class=\"page-title-inner container align-center flex-row medium-flex-wrap\" >\n <div class=\"title-wrapper is-large flex-col text-left medium-text-center\">\n <h1 class=\"entry-title mb-0\">\n Gi\u01a1\u0301i thi\u00ea\u0323u vi\u1ec7n \u0111\u00e0o t\u1ea1o <\/h1>\n <\/div>\n <div class=\"title-content flex-col flex-right text-right medium-text-center\">\n <div class=\"title-share pt-half pb-half\"><div class=\"social-icons share-icons share-row relative\" ><a href=\"https:\/\/www.facebook.com\/sharer.php?u=https:\/\/gamigroup.com\/zh-hant\/gioi-thieu-vien-dao-tao\/\" data-label=\"Facebook\" onclick=\"window.open(this.href,this.title,'width=500,height=500,top=300px,left=300px'); return false;\" target=\"_blank\" class=\"icon button circle is-outline tooltip facebook\" title=\"Share on Facebook\" aria-label=\"Share on Facebook\" rel=\"noopener nofollow\" ><i class=\"icon-facebook\" ><\/i><\/a><a href=\"https:\/\/twitter.com\/share?url=https:\/\/gamigroup.com\/zh-hant\/gioi-thieu-vien-dao-tao\/\" onclick=\"window.open(this.href,this.title,'width=500,height=500,top=300px,left=300px'); return false;\" target=\"_blank\" class=\"icon button circle is-outline tooltip twitter\" title=\"Share on Twitter\" aria-label=\"Share on Twitter\" rel=\"noopener nofollow\" ><i class=\"icon-twitter\" ><\/i><\/a><a href=\"mailto:?subject=Gi%C6%A1%CC%81i%20thi%C3%AA%CC%A3u%20vi%E1%BB%87n%20%C4%91%C3%A0o%20t%E1%BA%A1o&body=Check%20this%20out%3A%20https%3A%2F%2Fgamigroup.com%2Fzh-hant%2Fgioi-thieu-vien-dao-tao%2F\" class=\"icon button circle is-outline tooltip email\" title=\"Email to a Friend\" aria-label=\"Email to a Friend\" rel=\"nofollow\" ><i class=\"icon-envelop\" ><\/i><\/a><a href=\"https:\/\/www.linkedin.com\/shareArticle?mini=true&url=https:\/\/gamigroup.com\/zh-hant\/gioi-thieu-vien-dao-tao\/&title=Gi%C6%A1%CC%81i%20thi%C3%AA%CC%A3u%20vi%E1%BB%87n%20%C4%91%C3%A0o%20t%E1%BA%A1o\" onclick=\"window.open(this.href,this.title,'width=500,height=500,top=300px,left=300px'); return false;\" target=\"_blank\" class=\"icon button circle is-outline tooltip linkedin\" title=\"Share on LinkedIn\" aria-label=\"Share on LinkedIn\" rel=\"noopener nofollow\" ><i class=\"icon-linkedin\" ><\/i><\/a><a href=\"https:\/\/telegram.me\/share\/url?url=https:\/\/gamigroup.com\/zh-hant\/gioi-thieu-vien-dao-tao\/\" onclick=\"window.open(this.href,this.title,'width=500,height=500,top=300px,left=300px'); return false;\" target=\"_blank\" class=\"icon button circle is-outline tooltip telegram\" title=\"Share on Telegram\" aria-label=\"Share on Telegram\" rel=\"noopener nofollow\" ><i class=\"icon-telegram\" ><\/i><\/a><\/div><\/div> <\/div>\n <\/div>\n\n <\/div>\n <\/div>\n \n\t\t<\/div>\n\t\t\t\t\t<\/div>\n\n\t\n<\/div>\n\t\t<\/div>\n\n\t\t\n<style>\n#section_236686186{\n padding-top:30px;\n padding-bottom:30px;\n}\n#section_236686186 .section-bg img{\n object-position:0% 52%;\n}\n<\/style>\n\t<\/section>\n\t\n\n\t<section class=\"section\" id=\"section_950277870\">\n\t\t<div class=\"section-bg fill\" >\n\t\t\t\t\t\t\t\t\t\n\t\t\t\n\n\t\t<\/div>\n\n\t\t\n\n\t\t<div class=\"section-content relative\">\n\t\t\t\n<div class=\"row\" id=\"row-1886267701\">\n\n\t<div id=\"col-325634512\" class=\"col medium-6 small-12 large-6\" >\n\t\t\t\t<div class=\"col-inner\" >\n\t\t\t\n\t\t\t\n\t<div class=\"img has-hover x md-x lg-x y md-y lg-y\" id=\"image_577014485\">\n\t\t\t\t\t\t\t\t<div class=\"img-inner dark\" >\n\t\t\t<img loading=\"lazy\" decoding=\"async\" width=\"473\" height=\"474\" src=\"https:\/\/gamigroup.com\/wp-content\/uploads\/2023\/03\/1.jpg\" class=\"attachment-original size-original\" alt=\"Vi\u1ec7n \u0110\u00e0o T\u1ea1o\" srcset=\"https:\/\/gamigroup.com\/wp-content\/uploads\/2023\/03\/1.jpg 473w, https:\/\/gamigroup.com\/wp-content\/uploads\/2023\/03\/1-300x300.jpg 300w, https:\/\/gamigroup.com\/wp-content\/uploads\/2023\/03\/1-150x150.jpg 150w\" sizes=\"auto, (max-width: 473px) 100vw, 473px\" title=\"\">\t\t\t\t\t\t\n\t\t\t\t\t<\/div>\n\t\t\t\t\t\t\t\t\n<style>\n#image_577014485{\n width:85%;\n}\n<\/style>\n\t<\/div>\n\t\n<p><strong><a href=\"http:\/\/gami.edu.vn\" target=\"_blank\" rel=\"noopener\">http:\/\/gami.edu.vn<\/a><\/strong><\/p>\n\t\t<\/div>\n\t\t\t\t\t<\/div>\n\n\t\n\n\t<div id=\"col-1985723707\" class=\"col medium-6 small-12 large-6\" >\n\t\t\t\t<div class=\"col-inner\" >\n\t\t\t\n\t\t\t\n<h2>Th\u00f4ng tin chung<\/h2>\n<ul>\n<li>T\u00ean giao d\u1ecbch: C\u00f4ng ty C\u1ed5 ph\u1ea7n Vi\u1ec7n ph\u00e1t tri\u1ec3n tr\u00ed tu\u1ec7 to\u00e0n di\u1ec7n<\/li>\n<li>T\u00ean ti\u1ebfng anh: Great Advanced Mind Institute Joint Stock Company<\/li>\n<li>T\u00ean vi\u1ebft t\u1eaft: GAMI.,JSC<\/li>\n<li>Tr\u1ee5 s\u1edf ch\u00ednh: S\u1ed1 11 Ph\u1ea1m H\u00f9ng, Ph\u01b0\u1eddng M\u1ef9 \u0110\u00ecnh 2, Qu\u1eadn Nam\u00a0 T\u1eeb Li\u00eam, TP H\u00e0 N\u1ed9i<\/li>\n<\/ul>\n<h2>L\u0129nh v\u1ef1c ho\u1ea1t \u0111\u1ed9ng<\/h2>\n<ul>\n<li>\u0110\u00e0o t\u1ea1o v\u0103n h\u00f3a ngh\u1ec7 thu\u1eadt, ngh\u1ec7 thu\u1eadt bi\u1ec3u di\u1ec5n<\/li>\n<li>\u0110\u00e0o t\u1ea1o k\u1ef9 n\u0103ng s\u1ed1ng<\/li>\n<li>D\u1ecbch v\u1ee5 h\u1ed7 tr\u1ee3 \u0111\u00e0o t\u1ea1o:\n<ul>\n<li>T\u01b0 v\u1ea5n \u0111\u00e0o t\u1ea1o<\/li>\n<li>\u0110\u00e1nh gi\u00e1, ki\u1ec3m tra \u0111\u00e0o t\u1ea1o<\/li>\n<li>T\u1ed5 ch\u1ee9c ch\u01b0\u01a1ng tr\u00ecnh trao \u0111\u1ed5i, \u0111\u00e0o t\u1ea1o sinh vi\u00ean<\/li>\n<\/ul>\n<\/li>\n<li>Cho thu\u00ea \u0111\u1ecba \u0111i\u1ec3m v\u00e0 thi\u1ebft b\u1ecb \u0111\u00e0o t\u1ea1o<\/li>\n<\/ul>\n\t\t<\/div>\n\t\t\t\t\t<\/div>\n\n\t\n<\/div>\n<div class=\"row\" id=\"row-1159855307\">\n\n\t<div id=\"col-1396446313\" class=\"col medium-6 small-12 large-6\" >\n\t\t\t\t<div class=\"col-inner\" >\n\t\t\t\n\t\t\t\n\t<div class=\"img has-hover x md-x lg-x y md-y lg-y\" id=\"image_720869310\">\n\t\t\t\t\t\t\t\t<div class=\"img-inner dark\" >\n\t\t\t<img loading=\"lazy\" decoding=\"async\" width=\"568\" height=\"524\" src=\"https:\/\/gamigroup.com\/wp-content\/uploads\/2023\/03\/2-1.jpg\" class=\"attachment-original size-original\" alt=\"H\u1ed9i tr\u01b0\u1eddng Vi\u1ec7n \u0110\u00e0o T\u1ea1o\" srcset=\"https:\/\/gamigroup.com\/wp-content\/uploads\/2023\/03\/2-1.jpg 568w, https:\/\/gamigroup.com\/wp-content\/uploads\/2023\/03\/2-1-300x277.jpg 300w\" sizes=\"auto, (max-width: 568px) 100vw, 568px\" title=\"\">\t\t\t\t\t\t\n\t\t\t\t\t<\/div>\n\t\t\t\t\t\t\t\t\n<style>\n#image_720869310{\n width:100%;\n}\n<\/style>\n\t<\/div>\n\t\n\t\t<\/div>\n\t\t\t\t\t<\/div>\n\n\t\n\n\t<div id=\"col-118132388\" class=\"col medium-6 small-12 large-6\" >\n\t\t\t\t<div class=\"col-inner\" >\n\t\t\t\n\t\t\t\n\t<div class=\"img has-hover x md-x lg-x y md-y lg-y\" id=\"image_1777717725\">\n\t\t\t\t\t\t\t\t<div class=\"img-inner dark\" >\n\t\t\t<img loading=\"lazy\" decoding=\"async\" width=\"568\" height=\"524\" src=\"https:\/\/gamigroup.com\/wp-content\/uploads\/2023\/03\/3-1.jpg\" class=\"attachment-original size-original\" alt=\"H\u1ed9i tr\u01b0\u1eddng Vi\u1ec7n \u0110\u00e0o T\u1ea1o\" srcset=\"https:\/\/gamigroup.com\/wp-content\/uploads\/2023\/03\/3-1.jpg 568w, https:\/\/gamigroup.com\/wp-content\/uploads\/2023\/03\/3-1-300x277.jpg 300w\" sizes=\"auto, (max-width: 568px) 100vw, 568px\" title=\"\">\t\t\t\t\t\t\n\t\t\t\t\t<\/div>\n\t\t\t\t\t\t\t\t\n<style>\n#image_1777717725{\n width:100%;\n}\n<\/style>\n\t<\/div>\n\t\n\t\t<\/div>\n\t\t\t\t\t<\/div>\n\n\t\n<\/div>\n\t\t<\/div>\n\n\t\t\n<style>\n#section_950277870{\n padding-top:30px;\n padding-bottom:30px;\n}\n<\/style>\n\t<\/section>\n\t\n","protected":false},"excerpt":{"rendered":"","protected":false},"author":8,"featured_media":0,"parent":0,"menu_order":0,"comment_status":"closed","ping_status":"closed","template":"page-transparent-header-light.php","meta":{"footnotes":""},"class_list":["post-4895","page","type-page","status-publish","hentry"],"_links":{"self":[{"href":"https:\/\/gamigroup.com\/zh-hant\/wp-json\/wp\/v2\/pages\/4895","targetHints":{"allow":["GET"]}}],"collection":[{"href":"https:\/\/gamigroup.com\/zh-hant\/wp-json\/wp\/v2\/pages"}],"about":[{"href":"https:\/\/gamigroup.com\/zh-hant\/wp-json\/wp\/v2\/types\/page"}],"author":[{"embeddable":true,"href":"https:\/\/gamigroup.com\/zh-hant\/wp-json\/wp\/v2\/users\/8"}],"replies":[{"embeddable":true,"href":"https:\/\/gamigroup.com\/zh-hant\/wp-json\/wp\/v2\/comments?post=4895"}],"version-history":[{"count":0,"href":"https:\/\/gamigroup.com\/zh-hant\/wp-json\/wp\/v2\/pages\/4895\/revisions"}],"wp:attachment":[{"href":"https:\/\/gamigroup.com\/zh-hant\/wp-json\/wp\/v2\/media?parent=4895"}],"curies":[{"name":"wp","href":"https:\/\/api.w.org\/{rel}","templated":true}]}}