{"id":4893,"date":"2019-06-07T10:42:13","date_gmt":"2019-06-07T03:42:13","guid":{"rendered":"https:\/\/gamigroup.com\/gami-land\/"},"modified":"2021-08-03T22:02:08","modified_gmt":"2021-08-03T15:02:08","slug":"gami-land","status":"publish","type":"page","link":"https:\/\/gamigroup.com\/zh-hant\/gami-land\/","title":{"rendered":"Gami Land"},"content":{"rendered":"\n\t<section class=\"section\" id=\"section_1555577121\">\n\t\t<div class=\"section-bg fill\" >\n\t\t\t<img loading=\"lazy\" decoding=\"async\" width=\"1920\" height=\"852\" src=\"https:\/\/gamigroup.com\/wp-content\/uploads\/2019\/06\/bg-gamiland.jpg\" class=\"bg attachment-original size-original\" alt=\"\" title=\"\">\t\t\t\t\t\t<div class=\"section-bg-overlay absolute fill\"><\/div>\n\t\t\t\n\n\t\t<\/div>\n\n\t\t\n\n\t\t<div class=\"section-content relative\">\n\t\t\t\n<div class=\"row\" id=\"row-1299870300\">\n\n\t<div id=\"col-1178785735\" class=\"col small-12 large-12\" >\n\t\t\t\t<div class=\"col-inner\" >\n\t\t\t\n\t\t\t\n <div id=\"page-header-1320765599\" class=\"page-header-wrapper\">\n <div class=\"page-title dark simple-title\">\n\n \n <div class=\"page-title-inner container align-center flex-row medium-flex-wrap\" >\n <div class=\"title-wrapper is-large flex-col text-left medium-text-center\">\n <h1 class=\"entry-title mb-0\">\n Gami Land <\/h1>\n <\/div>\n <div class=\"title-content flex-col flex-right text-right medium-text-center\">\n <div class=\"title-share pt-half pb-half\"><div class=\"social-icons share-icons share-row relative\" ><a href=\"https:\/\/www.facebook.com\/sharer.php?u=https:\/\/gamigroup.com\/zh-hant\/gami-land\/\" data-label=\"Facebook\" onclick=\"window.open(this.href,this.title,'width=500,height=500,top=300px,left=300px'); return false;\" target=\"_blank\" class=\"icon button circle is-outline tooltip facebook\" title=\"Share on Facebook\" aria-label=\"Share on Facebook\" rel=\"noopener nofollow\" ><i class=\"icon-facebook\" ><\/i><\/a><a href=\"https:\/\/twitter.com\/share?url=https:\/\/gamigroup.com\/zh-hant\/gami-land\/\" onclick=\"window.open(this.href,this.title,'width=500,height=500,top=300px,left=300px'); return false;\" target=\"_blank\" class=\"icon button circle is-outline tooltip twitter\" title=\"Share on Twitter\" aria-label=\"Share on Twitter\" rel=\"noopener nofollow\" ><i class=\"icon-twitter\" ><\/i><\/a><a href=\"mailto:?subject=Gami%20Land&body=Check%20this%20out%3A%20https%3A%2F%2Fgamigroup.com%2Fzh-hant%2Fgami-land%2F\" class=\"icon button circle is-outline tooltip email\" title=\"Email to a Friend\" aria-label=\"Email to a Friend\" rel=\"nofollow\" ><i class=\"icon-envelop\" ><\/i><\/a><a href=\"https:\/\/www.linkedin.com\/shareArticle?mini=true&url=https:\/\/gamigroup.com\/zh-hant\/gami-land\/&title=Gami%20Land\" onclick=\"window.open(this.href,this.title,'width=500,height=500,top=300px,left=300px'); return false;\" target=\"_blank\" class=\"icon button circle is-outline tooltip linkedin\" title=\"Share on LinkedIn\" aria-label=\"Share on LinkedIn\" rel=\"noopener nofollow\" ><i class=\"icon-linkedin\" ><\/i><\/a><a href=\"https:\/\/telegram.me\/share\/url?url=https:\/\/gamigroup.com\/zh-hant\/gami-land\/\" onclick=\"window.open(this.href,this.title,'width=500,height=500,top=300px,left=300px'); return false;\" target=\"_blank\" class=\"icon button circle is-outline tooltip telegram\" title=\"Share on Telegram\" aria-label=\"Share on Telegram\" rel=\"noopener nofollow\" ><i class=\"icon-telegram\" ><\/i><\/a><\/div><\/div> <\/div>\n <\/div>\n\n <\/div>\n <\/div>\n \n\t\t<\/div>\n\t\t\t\t\t<\/div>\n\n\t\n<\/div>\n\t\t<\/div>\n\n\t\t\n<style>\n#section_1555577121{\n padding-top:30px;\n padding-bottom:30px;\n}\n#section_1555577121 .section-bg-overlay{\n background-color:rgba(0,0,0,0.52);\n}\n#section_1555577121 .section-bg img{\n object-position:0% 40%;\n}\n<\/style>\n\t<\/section>\n\t\n\n\t<section class=\"section\" id=\"section_1315106341\">\n\t\t<div class=\"section-bg fill\" >\n\t\t\t\t\t\t\t\t\t\n\t\t\t\n\n\t\t<\/div>\n\n\t\t\n\n\t\t<div class=\"section-content relative\">\n\t\t\t\n<div class=\"row\" id=\"row-1778086104\">\n\n\t<div id=\"col-1259388853\" class=\"col small-12 large-12\" >\n\t\t\t\t<div class=\"col-inner\" >\n\t\t\t\n\t\t\t\n\n\t\t<div class=\"tabbed-content\">\n\t\t\t\n\t\t\t<ul class=\"nav nav-outline nav-uppercase nav-size-normal nav-center\" role=\"tablist\"><li id=\"tab-h\u1ec7-sinh-th\u00e1i-gami-land\" class=\"tab active has-icon\" role=\"presentation\"><a href=\"#tab_h\u1ec7-sinh-th\u00e1i-gami-land\" role=\"tab\" aria-selected=\"true\" aria-controls=\"tab_h\u1ec7-sinh-th\u00e1i-gami-land\"><span>H\u1ec7 sinh th\u00e1i Gami Land<\/span><\/a><\/li>\n<li id=\"tab-c\u00e1c-d\u1ef1-\u00e1n-b\u1ea5t-\u0111\u1ed9ng-s\u1ea3n\" class=\"tab has-icon\" role=\"presentation\"><a href=\"#tab_c\u00e1c-d\u1ef1-\u00e1n-b\u1ea5t-\u0111\u1ed9ng-s\u1ea3n\" tabindex=\"-1\" role=\"tab\" aria-selected=\"false\" aria-controls=\"tab_c\u00e1c-d\u1ef1-\u00e1n-b\u1ea5t-\u0111\u1ed9ng-s\u1ea3n\"><span>C\u00e1c d\u1ef1 \u00e1n b\u1ea5t \u0111\u1ed9ng s\u1ea3n<\/span><\/a><\/li>\n<li id=\"tab-c\u00f4ng-vi\u00ean-v\u0103n-h\u00f3a-ch\u1ee7-\u0111\u1ec1\" class=\"tab has-icon\" role=\"presentation\"><a href=\"#tab_c\u00f4ng-vi\u00ean-v\u0103n-h\u00f3a-ch\u1ee7-\u0111\u1ec1\" tabindex=\"-1\" role=\"tab\" aria-selected=\"false\" aria-controls=\"tab_c\u00f4ng-vi\u00ean-v\u0103n-h\u00f3a-ch\u1ee7-\u0111\u1ec1\"><span>C\u00f4ng vi\u00ean v\u0103n h\u00f3a ch\u1ee7 \u0111\u1ec1<\/span><\/a><\/li><\/ul><div class=\"tab-panels\"><div id=\"tab_h\u1ec7-sinh-th\u00e1i-gami-land\" class=\"panel active entry-content\" role=\"tabpanel\" aria-labelledby=\"tab-h\u1ec7-sinh-th\u00e1i-gami-land\">\n<p>V\u1edbi danh m\u1ee5c d\u1ef1 \u00e1n b\u1ea5t \u0111\u1ed9ng s\u1ea3n \u0111\u1ea7y ti\u1ec1m n\u0103ng, chu\u1ed7i kh\u00e1ch s\u1ea1n sang tr\u1ecdng &amp; \u0111\u1eb3ng c\u1ea5p, chu\u1ed7i khu c\u00f4ng vi\u00ean v\u0103n h\u00f3a ch\u1ee7 \u0111\u1ec1 \u1ea5n t\u01b0\u1ee3ng nh\u1ea5t th\u1ebf gi\u1edbi, Gami Land \u0111ang chi\u1ebfm l\u0129nh th\u1ecb tr\u01b0\u1eddng tr\u1ea3i d\u00e0i tr\u00ean nhi\u1ec1u l\u0129nh v\u1ef1c, nhi\u1ec1u \u0111\u1ecba b\u00e0n kh\u1eafp c\u1ea3 n\u01b0\u1edbc.<\/p>\n<p>Hi\u1ec7n nay, ch\u00fang t\u00f4i nhi\u1ec7t li\u1ec7t ch\u00e0o \u0111\u00f3n c\u00e1c nh\u00e0 \u0111\u1ea7u t\u01b0, c\u00e1c \u0111\u1ed1i t\u00e1c trong v\u00e0 ngo\u00e0i n\u01b0\u1edbc c\u00f9ng tham gia x\u00e2y d\u1ef1ng v\u00e0 ph\u00e1t tri\u1ec3n c\u00e1c d\u1ef1 \u00e1n b\u1ea5t \u0111\u1ed9ng s\u1ea3n c\u00f9ng ch\u1ee7 \u0111\u1ea7u t\u01b0 Gami Group, chia s\u1ebb l\u1ee3i \u00edch, \u0111\u1ed3ng h\u00e0nh \u0111\u1ebfn th\u00e0nh c\u00f4ng v\u00e0 vinh quang. Ngu\u1ed3n v\u1ed1n trung h\u1ea1n trong giai \u0111o\u1ea1n 2019-2022 k\u1ef3 v\u1ecdng huy \u0111\u1ed9ng t\u1eeb c\u00e1c qu\u1ef9 \u0111\u1ea7u t\u01b0 trong v\u00e0 ngo\u00e0i n\u01b0\u1edbc, t\u1eeb c\u00e1c \u0111\u1ed1i t\u00e1c chi\u1ebfn l\u01b0\u1ee3c, t\u1eeb c\u1ed9ng \u0111\u1ed3ng c\u00e1c nh\u00e0 \u0111\u1ea7u t\u01b0 t\u1ea7m c\u1ee1 \u0111\u1ea1t 300 &#8211; 400 tri\u1ec7u USD, nh\u1eb1m n\u00e2ng c\u1ea5p, m\u1edf r\u1ed9ng v\u00e0 \u0111\u1ea9y nhanh t\u1ed1c \u0111\u1ed9 ph\u00e1t tri\u1ec3n h\u1ec7 th\u1ed1ng c\u00e1c d\u1ef1 \u00e1n l\u00ean m\u1ed9t t\u1ea7m cao m\u1edbi.<\/p>\n<p>Ch\u00fang t\u00f4i cam k\u1ebft d\u00e0nh s\u1ef1 \u01b0u ti\u00ean cao nh\u1ea5t v\u1edbi nhi\u1ec1u ch\u00ednh s\u00e1ch h\u1ee3p t\u00e1c h\u1ea5p d\u1eabn \u0111\u1ec3 th\u00fac \u0111\u1ea9y c\u00e1c \u0111\u1ed1i t\u00e1c chi\u1ebfn l\u01b0\u1ee3c c\u00f9ng \u0111\u1ed3ng h\u00e0nh ph\u00e1t tri\u1ec3n t\u1ea1i th\u1ecb tr\u01b0\u1eddng Vi\u1ec7t Nam v\u00e0 \u0111i ra to\u00e0n c\u1ea7u.<\/p>\n\t<div class=\"img has-hover x md-x lg-x y md-y lg-y\" id=\"image_890776416\">\n\t\t\t\t\t\t\t\t<div class=\"img-inner dark\" >\n\t\t\t<img loading=\"lazy\" decoding=\"async\" width=\"1140\" height=\"2150\" src=\"https:\/\/gamigroup.com\/wp-content\/uploads\/2019\/06\/hesinhthai-gamiland.jpg\" class=\"attachment-original size-original\" alt=\"\" srcset=\"https:\/\/gamigroup.com\/wp-content\/uploads\/2019\/06\/hesinhthai-gamiland.jpg 1140w, https:\/\/gamigroup.com\/wp-content\/uploads\/2019\/06\/hesinhthai-gamiland-159x300.jpg 159w, https:\/\/gamigroup.com\/wp-content\/uploads\/2019\/06\/hesinhthai-gamiland-768x1448.jpg 768w, https:\/\/gamigroup.com\/wp-content\/uploads\/2019\/06\/hesinhthai-gamiland-543x1024.jpg 543w, https:\/\/gamigroup.com\/wp-content\/uploads\/2019\/06\/hesinhthai-gamiland-600x1132.jpg 600w\" sizes=\"auto, (max-width: 1140px) 100vw, 1140px\" title=\"\">\t\t\t\t\t\t\n\t\t\t\t\t<\/div>\n\t\t\t\t\t\t\t\t\n<style>\n#image_890776416{\n width:100%;\n}\n<\/style>\n\t<\/div>\n\t\n<div class=\"row\" id=\"row-1235756080\">\n\n\t<div id=\"col-978178761\" class=\"col medium-6 small-12 large-6\" >\n\t\t\t\t<div class=\"col-inner\" >\n\t\t\t\n\t\t\t\n<p>V\u1edbi ph\u01b0\u01a1ng ch\u00e2m ho\u1ea1t \u0111\u1ed9ng \u201c\u1ede \u0111\u00e2u c\u00f3 \u00fd ch\u00ed, \u1edf \u0111\u00f3 c\u00f3 con \u0111\u01b0\u1eddng\u201d, v\u00e0 kh\u1ea9u hi\u1ec7u \u201cK\u1ebft n\u1ed1i s\u1ef1 th\u1ecbnh v\u01b0\u1ee3ng\u201d, \u201cV\u01b0\u1ee3t qua th\u1eed th\u00e1ch, ti\u1ebfp b\u01b0\u1edbc th\u00e0nh c\u00f4ng\u201d, v\u1edbi tri\u1ebft l\u00fd kinh doanh \u201cThi\u1ec7n ch\u00ed l\u00e0 m\u1ed9t t\u00e0i s\u1ea3n v\u00e0 l\u00e0 t\u00e0i s\u1ea3n duy nh\u1ea5t m\u00e0 c\u1ea1nh tranh kh\u00f4ng th\u1ec3 v\u01b0\u1ee3t qua hay \u0111\u00e1nh b\u1ea1i\u201d<\/p>\n<p>Gami Land m\u1edf r\u1ed9ng h\u1ee3p t\u00e1c th\u1ef1c hi\u1ec7n c\u00e1c d\u1ef1 \u00e1n \u0111\u1ea7u t\u01b0, n\u00e2ng cao tr\u00ecnh \u0111\u1ed9 c\u00e1n b\u1ed9 nh\u00e2n vi\u00ean, g\u00f3p ph\u1ea7n \u0111\u01b0a Gami Group tr\u1edf th\u00e0nh m\u1ed9t trong nh\u1eefng T\u1ed5 ch\u1ee9c kinh t\u1ebf t\u01b0 nh\u00e2n \u0111a ng\u00e0nh h\u00e0ng \u0111\u1ea7u Vi\u1ec7t Nam.<\/p>\n\t\t<\/div>\n\t\t\t\t\t<\/div>\n\n\t\n\n\t<div id=\"col-1948744301\" class=\"col medium-6 small-12 large-6\" >\n\t\t\t\t<div class=\"col-inner\" >\n\t\t\t\n\t\t\t\n<div class=\"video video-fit mb\" style=\"padding-top:56.25%;\"><p><iframe loading=\"lazy\" title=\"Phim gi\u1edbi thi\u1ec7u Gami Land\" width=\"1020\" height=\"574\" src=\"https:\/\/www.youtube.com\/embed\/GD74S5dI4NE?feature=oembed\" frameborder=\"0\" allow=\"accelerometer; autoplay; clipboard-write; encrypted-media; gyroscope; picture-in-picture\" allowfullscreen><\/iframe><\/p>\n<\/div>\n\t\t<\/div>\n\t\t\t\t\t<\/div>\n\n\t\n<\/div>\n<\/div>\n<div id=\"tab_c\u00e1c-d\u1ef1-\u00e1n-b\u1ea5t-\u0111\u1ed9ng-s\u1ea3n\" class=\"panel entry-content\" role=\"tabpanel\" aria-labelledby=\"tab-c\u00e1c-d\u1ef1-\u00e1n-b\u1ea5t-\u0111\u1ed9ng-s\u1ea3n\">\n\t<div class=\"img has-hover x md-x lg-x y md-y lg-y\" id=\"image_1344132306\">\n\t\t\t\t\t\t\t\t<div class=\"img-inner dark\" >\n\t\t\t<img loading=\"lazy\" decoding=\"async\" width=\"1200\" height=\"910\" src=\"https:\/\/gamigroup.com\/wp-content\/uploads\/2019\/06\/b0ff2e435a01be5fe710.png\" class=\"attachment-original size-original\" alt=\"\" srcset=\"https:\/\/gamigroup.com\/wp-content\/uploads\/2019\/06\/b0ff2e435a01be5fe710.png 1200w, https:\/\/gamigroup.com\/wp-content\/uploads\/2019\/06\/b0ff2e435a01be5fe710-300x228.png 300w, https:\/\/gamigroup.com\/wp-content\/uploads\/2019\/06\/b0ff2e435a01be5fe710-768x582.png 768w, https:\/\/gamigroup.com\/wp-content\/uploads\/2019\/06\/b0ff2e435a01be5fe710-1024x777.png 1024w, https:\/\/gamigroup.com\/wp-content\/uploads\/2019\/06\/b0ff2e435a01be5fe710-600x455.png 600w\" sizes=\"auto, (max-width: 1200px) 100vw, 1200px\" title=\"\">\t\t\t\t\t\t\n\t\t\t\t\t<\/div>\n\t\t\t\t\t\t\t\t\n<style>\n#image_1344132306{\n width:100%;\n}\n<\/style>\n\t<\/div>\n\t\n\t<div class=\"img has-hover x md-x lg-x y md-y lg-y\" id=\"image_1222469829\">\n\t\t\t\t\t\t\t\t<div class=\"img-inner dark\" >\n\t\t\t<img loading=\"lazy\" decoding=\"async\" width=\"1140\" height=\"1156\" src=\"https:\/\/gamigroup.com\/wp-content\/uploads\/2019\/06\/gml-dahoanthanh.jpg\" class=\"attachment-original size-original\" alt=\"\" srcset=\"https:\/\/gamigroup.com\/wp-content\/uploads\/2019\/06\/gml-dahoanthanh.jpg 1140w, https:\/\/gamigroup.com\/wp-content\/uploads\/2019\/06\/gml-dahoanthanh-296x300.jpg 296w, https:\/\/gamigroup.com\/wp-content\/uploads\/2019\/06\/gml-dahoanthanh-768x779.jpg 768w, https:\/\/gamigroup.com\/wp-content\/uploads\/2019\/06\/gml-dahoanthanh-1010x1024.jpg 1010w, https:\/\/gamigroup.com\/wp-content\/uploads\/2019\/06\/gml-dahoanthanh-600x608.jpg 600w, https:\/\/gamigroup.com\/wp-content\/uploads\/2019\/06\/gml-dahoanthanh-100x100.jpg 100w\" sizes=\"auto, (max-width: 1140px) 100vw, 1140px\" title=\"\">\t\t\t\t\t\t\n\t\t\t\t\t<\/div>\n\t\t\t\t\t\t\t\t\n<style>\n#image_1222469829{\n width:100%;\n}\n<\/style>\n\t<\/div>\n\t\n\t<div class=\"img has-hover x md-x lg-x y md-y lg-y\" id=\"image_1722837584\">\n\t\t\t\t\t\t\t\t<div class=\"img-inner dark\" >\n\t\t\t<img loading=\"lazy\" decoding=\"async\" width=\"1140\" height=\"853\" src=\"https:\/\/gamigroup.com\/wp-content\/uploads\/2019\/06\/gml-dangthuchien.jpg\" class=\"attachment-original size-original\" alt=\"\" srcset=\"https:\/\/gamigroup.com\/wp-content\/uploads\/2019\/06\/gml-dangthuchien.jpg 1140w, https:\/\/gamigroup.com\/wp-content\/uploads\/2019\/06\/gml-dangthuchien-300x224.jpg 300w, https:\/\/gamigroup.com\/wp-content\/uploads\/2019\/06\/gml-dangthuchien-768x575.jpg 768w, https:\/\/gamigroup.com\/wp-content\/uploads\/2019\/06\/gml-dangthuchien-1024x766.jpg 1024w, https:\/\/gamigroup.com\/wp-content\/uploads\/2019\/06\/gml-dangthuchien-600x449.jpg 600w\" sizes=\"auto, (max-width: 1140px) 100vw, 1140px\" title=\"\">\t\t\t\t\t\t\n\t\t\t\t\t<\/div>\n\t\t\t\t\t\t\t\t\n<style>\n#image_1722837584{\n width:100%;\n}\n<\/style>\n\t<\/div>\n\t\n\t<div class=\"img has-hover x md-x lg-x y md-y lg-y\" id=\"image_463601882\">\n\t\t\t\t\t\t\t\t<div class=\"img-inner dark\" style=\"margin:0px 0px 24px 0px;\">\n\t\t\t<img loading=\"lazy\" decoding=\"async\" width=\"1140\" height=\"744\" src=\"https:\/\/gamigroup.com\/wp-content\/uploads\/2019\/06\/gml-dangtrienkhai.jpg\" class=\"attachment-original size-original\" alt=\"\" srcset=\"https:\/\/gamigroup.com\/wp-content\/uploads\/2019\/06\/gml-dangtrienkhai.jpg 1140w, https:\/\/gamigroup.com\/wp-content\/uploads\/2019\/06\/gml-dangtrienkhai-300x196.jpg 300w, https:\/\/gamigroup.com\/wp-content\/uploads\/2019\/06\/gml-dangtrienkhai-768x501.jpg 768w, https:\/\/gamigroup.com\/wp-content\/uploads\/2019\/06\/gml-dangtrienkhai-1024x668.jpg 1024w, https:\/\/gamigroup.com\/wp-content\/uploads\/2019\/06\/gml-dangtrienkhai-600x392.jpg 600w\" sizes=\"auto, (max-width: 1140px) 100vw, 1140px\" title=\"\">\t\t\t\t\t\t\n\t\t\t\t\t<\/div>\n\t\t\t\t\t\t\t\t\n<style>\n#image_463601882{\n width:100%;\n}\n<\/style>\n\t<\/div>\n\t\n<div class=\"row\" id=\"row-1867032826\">\n\n\t<div id=\"col-496863225\" class=\"col medium-6 small-12 large-6\" >\n\t\t\t\t<div class=\"col-inner\" >\n\t\t\t\n\t\t\t\n<div class=\"video video-fit mb\" style=\"padding-top:52%;\"><p><iframe loading=\"lazy\" title=\"Tu\u1ea7n Ch\u00e2u Marina - Vi\u00ean ng\u1ecdc s\u00e1ng gi\u1eefa l\u00f2ng k\u1ef3 quan\" width=\"1020\" height=\"574\" src=\"https:\/\/www.youtube.com\/embed\/NqzOzqeBJ-U?feature=oembed\" frameborder=\"0\" allow=\"accelerometer; autoplay; clipboard-write; encrypted-media; gyroscope; picture-in-picture; web-share\" referrerpolicy=\"strict-origin-when-cross-origin\" allowfullscreen><\/iframe><\/p>\n<\/div>\n\t\t<\/div>\n\t\t\t\t\t<\/div>\n\n\t\n\n\t<div id=\"col-2046089645\" class=\"col medium-6 small-12 large-6\" >\n\t\t\t\t<div class=\"col-inner\" >\n\t\t\t\n\t\t\t\n<div class=\"video video-fit mb\" style=\"padding-top:52%;\"><p><iframe loading=\"lazy\" title=\"Gi\u1edbi thi\u1ec7u d\u1ef1 \u00e1n Gami Eco Charm Premier Island\" width=\"1020\" height=\"574\" src=\"https:\/\/www.youtube.com\/embed\/ySvGiBQQyT4?feature=oembed\" frameborder=\"0\" allow=\"accelerometer; autoplay; encrypted-media; gyroscope; picture-in-picture\" allowfullscreen><\/iframe><\/p>\n<\/div>\n\t\t<\/div>\n\t\t\t\t\t<\/div>\n\n\t\n<\/div>\n<\/div>\n<div id=\"tab_c\u00f4ng-vi\u00ean-v\u0103n-h\u00f3a-ch\u1ee7-\u0111\u1ec1\" class=\"panel entry-content\" role=\"tabpanel\" aria-labelledby=\"tab-c\u00f4ng-vi\u00ean-v\u0103n-h\u00f3a-ch\u1ee7-\u0111\u1ec1\">\n<p class=\"lead\" style=\"text-align: left\">T\u1ea1o ra tr\u00e0o l\u01b0u m\u1edbi c\u1ee7a b\u1ea5t \u0111\u1ed9ng s\u1ea3n, ch\u00fang t\u00f4i \u0111\u00e3 l\u1ef1a ch\u1ecdn 1 h\u01b0\u1edbng \u0111i ho\u00e0n to\u00e0n m\u1edbi theo m\u00f4 h\u00ecnh b\u1ea5t \u0111\u1ed9ng s\u1ea3n v\u0103n h\u00f3a du l\u1ecbch tr\u00ean kh\u1eafp l\u00e3nh th\u1ed5 Vi\u1ec7t Nam, v\u1edbi kh\u1edfi \u0111\u1ea7u l\u00e0 <strong>C\u00f4ng vi\u00ean v\u0103n h\u00f3a ch\u1ee7 \u0111\u1ec1 \u1ea4n t\u01b0\u1ee3ng H\u1ed9i An<\/strong>, ti\u00eau bi\u1ec3u l\u00e0 <strong>K\u00fd \u1ee8c H\u1ed9i An<\/strong> \u2013 m\u1ed9t ch\u01b0\u01a1ng tr\u00ecnh bi\u1ec3u di\u1ec5n ngh\u1ec7 thu\u1eadt th\u1ef1c c\u1ea3nh quy m\u00f4 500 di\u1ec5n vi\u00ean v\u00e0 \u0111\u01b0\u1ee3c h\u01a1n 300 b\u00e1o Qu\u1ed1c t\u1ebf ghi nh\u1eadn l\u00e0 show di\u1ec5n \u0111\u1eb9p nh\u1ea5t th\u1ebf gi\u1edbi.<\/p>\n<div class=\"row\" id=\"row-903646736\">\n\n\t<div id=\"col-1449530913\" class=\"col medium-6 small-12 large-6\" >\n\t\t\t\t<div class=\"col-inner\" >\n\t\t\t\n\t\t\t\n\t<div class=\"img has-hover x md-x lg-x y md-y lg-y\" id=\"image_1403604609\">\n\t\t\t\t\t\t\t\t<div class=\"img-inner dark\" >\n\t\t\t<img loading=\"lazy\" decoding=\"async\" width=\"900\" height=\"603\" src=\"https:\/\/gamigroup.com\/wp-content\/uploads\/2019\/06\/1.jpg\" class=\"attachment-original size-original\" alt=\"\" srcset=\"https:\/\/gamigroup.com\/wp-content\/uploads\/2019\/06\/1.jpg 900w, https:\/\/gamigroup.com\/wp-content\/uploads\/2019\/06\/1-300x201.jpg 300w, https:\/\/gamigroup.com\/wp-content\/uploads\/2019\/06\/1-768x515.jpg 768w, https:\/\/gamigroup.com\/wp-content\/uploads\/2019\/06\/1-240x160.jpg 240w, https:\/\/gamigroup.com\/wp-content\/uploads\/2019\/06\/1-600x402.jpg 600w\" sizes=\"auto, (max-width: 900px) 100vw, 900px\" title=\"\">\t\t\t\t\t\t\n\t\t\t\t\t<\/div>\n\t\t\t\t\t\t\t\t\n<style>\n#image_1403604609{\n width:100%;\n}\n<\/style>\n\t<\/div>\n\t\n\t<div class=\"img has-hover x md-x lg-x y md-y lg-y\" id=\"image_24754554\">\n\t\t\t\t\t\t\t\t<div class=\"img-inner dark\" >\n\t\t\t<img loading=\"lazy\" decoding=\"async\" width=\"600\" height=\"337\" src=\"https:\/\/gamigroup.com\/wp-content\/uploads\/2019\/06\/Ky-Uc-Hoi-An-S5-Closing15C.jpg\" class=\"attachment-original size-original\" alt=\"\" srcset=\"https:\/\/gamigroup.com\/wp-content\/uploads\/2019\/06\/Ky-Uc-Hoi-An-S5-Closing15C.jpg 600w, https:\/\/gamigroup.com\/wp-content\/uploads\/2019\/06\/Ky-Uc-Hoi-An-S5-Closing15C-300x169.jpg 300w\" sizes=\"auto, (max-width: 600px) 100vw, 600px\" title=\"\">\t\t\t\t\t\t\n\t\t\t\t\t<\/div>\n\t\t\t\t\t\t\t\t\n<style>\n#image_24754554{\n width:100%;\n}\n<\/style>\n\t<\/div>\n\t\n\t<div class=\"img has-hover x md-x lg-x y md-y lg-y\" id=\"image_1714737589\">\n\t\t\t\t\t\t\t\t<div class=\"img-inner dark\" >\n\t\t\t<img loading=\"lazy\" decoding=\"async\" width=\"600\" height=\"242\" src=\"https:\/\/gamigroup.com\/wp-content\/uploads\/2019\/06\/Ky-Uc-Hoi-An-S1-13742.jpg\" class=\"attachment-large size-large\" alt=\"\" srcset=\"https:\/\/gamigroup.com\/wp-content\/uploads\/2019\/06\/Ky-Uc-Hoi-An-S1-13742.jpg 600w, https:\/\/gamigroup.com\/wp-content\/uploads\/2019\/06\/Ky-Uc-Hoi-An-S1-13742-300x121.jpg 300w\" sizes=\"auto, (max-width: 600px) 100vw, 600px\" title=\"\">\t\t\t\t\t\t\n\t\t\t\t\t<\/div>\n\t\t\t\t\t\t\t\t\n<style>\n#image_1714737589{\n width:100%;\n}\n<\/style>\n\t<\/div>\n\t\n\t\t<\/div>\n\t\t\t\t\t<\/div>\n\n\t\n\n\t<div id=\"col-162598635\" class=\"col medium-6 small-12 large-6\" >\n\t\t\t\t<div class=\"col-inner\" >\n\t\t\t\n\t\t\t\n\t<div class=\"img has-hover x md-x lg-x y md-y lg-y\" id=\"image_1231596545\">\n\t\t\t\t\t\t\t\t<div class=\"img-inner dark\" >\n\t\t\t<img loading=\"lazy\" decoding=\"async\" width=\"1140\" height=\"1140\" src=\"https:\/\/gamigroup.com\/wp-content\/uploads\/2019\/06\/kyuchoian2.jpg\" class=\"attachment-original size-original\" alt=\"\" srcset=\"https:\/\/gamigroup.com\/wp-content\/uploads\/2019\/06\/kyuchoian2.jpg 1140w, https:\/\/gamigroup.com\/wp-content\/uploads\/2019\/06\/kyuchoian2-150x150.jpg 150w, https:\/\/gamigroup.com\/wp-content\/uploads\/2019\/06\/kyuchoian2-300x300.jpg 300w, https:\/\/gamigroup.com\/wp-content\/uploads\/2019\/06\/kyuchoian2-768x768.jpg 768w, https:\/\/gamigroup.com\/wp-content\/uploads\/2019\/06\/kyuchoian2-1024x1024.jpg 1024w, https:\/\/gamigroup.com\/wp-content\/uploads\/2019\/06\/kyuchoian2-600x600.jpg 600w, https:\/\/gamigroup.com\/wp-content\/uploads\/2019\/06\/kyuchoian2-100x100.jpg 100w\" sizes=\"auto, (max-width: 1140px) 100vw, 1140px\" title=\"\">\t\t\t\t\t\t\n\t\t\t\t\t<\/div>\n\t\t\t\t\t\t\t\t\n<style>\n#image_1231596545{\n width:100%;\n}\n<\/style>\n\t<\/div>\n\t\n\t<div class=\"img has-hover x md-x lg-x y md-y lg-y\" id=\"image_1910882162\">\n\t\t\t\t\t\t\t\t<div class=\"img-inner dark\" >\n\t\t\t<img loading=\"lazy\" decoding=\"async\" width=\"600\" height=\"400\" src=\"https:\/\/gamigroup.com\/wp-content\/uploads\/2019\/06\/Ky-Uc-Hoi-An-S1-opening-CF.jpg\" class=\"attachment-original size-original\" alt=\"\" srcset=\"https:\/\/gamigroup.com\/wp-content\/uploads\/2019\/06\/Ky-Uc-Hoi-An-S1-opening-CF.jpg 600w, https:\/\/gamigroup.com\/wp-content\/uploads\/2019\/06\/Ky-Uc-Hoi-An-S1-opening-CF-300x200.jpg 300w, https:\/\/gamigroup.com\/wp-content\/uploads\/2019\/06\/Ky-Uc-Hoi-An-S1-opening-CF-240x160.jpg 240w\" sizes=\"auto, (max-width: 600px) 100vw, 600px\" title=\"\">\t\t\t\t\t\t\n\t\t\t\t\t<\/div>\n\t\t\t\t\t\t\t\t\n<style>\n#image_1910882162{\n width:100%;\n}\n<\/style>\n\t<\/div>\n\t\n\t\t<\/div>\n\t\t\t\t\t<\/div>\n\n\t\n<\/div>\n<div class=\"row\" id=\"row-1137006059\">\n\n\t<div id=\"col-1383458867\" class=\"col medium-6 small-12 large-6\" >\n\t\t\t\t<div class=\"col-inner\" >\n\t\t\t\n\t\t\t\n<div class=\"video video-fit mb\" style=\"padding-top:56.25%;\"><p><iframe loading=\"lazy\" title=\"K\u00fd \u1ee8c H\u1ed9i An - Times Square\" width=\"1020\" height=\"574\" src=\"https:\/\/www.youtube.com\/embed\/IDb_zg86UFA?feature=oembed\" frameborder=\"0\" allow=\"accelerometer; autoplay; clipboard-write; encrypted-media; gyroscope; picture-in-picture; web-share\" referrerpolicy=\"strict-origin-when-cross-origin\" allowfullscreen><\/iframe><\/p>\n<\/div>\n\t\t<\/div>\n\t\t\t\t\t<\/div>\n\n\t\n\n\t<div id=\"col-2008619973\" class=\"col medium-6 small-12 large-6\" >\n\t\t\t\t<div class=\"col-inner\" >\n\t\t\t\n\t\t\t\n<div class=\"video video-fit mb\" style=\"padding-top:56.25%;\"><p><iframe loading=\"lazy\" title=\"Show di\u1ec5n \u0111\u1eb9p nh\u1ea5t th\u1ebf gi\u1edbi - K\u00fd \u1ee9c H\u1ed9i An (Reuter VTV1)\" width=\"1020\" height=\"574\" src=\"https:\/\/www.youtube.com\/embed\/QWtSGMeikuU?feature=oembed\" frameborder=\"0\" allow=\"accelerometer; autoplay; clipboard-write; encrypted-media; gyroscope; picture-in-picture; web-share\" referrerpolicy=\"strict-origin-when-cross-origin\" allowfullscreen><\/iframe><\/p>\n<\/div>\n\t\t<\/div>\n\t\t\t\t\t<\/div>\n\n\t\n<\/div>\n<\/div><\/div><\/div>\n\t\t<\/div>\n\t\t\t\t\t<\/div>\n\n\t\n<\/div>\n\t\t<\/div>\n\n\t\t\n<style>\n#section_1315106341{\n padding-top:30px;\n padding-bottom:30px;\n}\n<\/style>\n\t<\/section>\n\t\n","protected":false},"excerpt":{"rendered":"","protected":false},"author":8,"featured_media":0,"parent":0,"menu_order":0,"comment_status":"closed","ping_status":"closed","template":"page-transparent-header-light.php","meta":{"footnotes":""},"class_list":["post-4893","page","type-page","status-publish","hentry"],"_links":{"self":[{"href":"https:\/\/gamigroup.com\/zh-hant\/wp-json\/wp\/v2\/pages\/4893","targetHints":{"allow":["GET"]}}],"collection":[{"href":"https:\/\/gamigroup.com\/zh-hant\/wp-json\/wp\/v2\/pages"}],"about":[{"href":"https:\/\/gamigroup.com\/zh-hant\/wp-json\/wp\/v2\/types\/page"}],"author":[{"embeddable":true,"href":"https:\/\/gamigroup.com\/zh-hant\/wp-json\/wp\/v2\/users\/8"}],"replies":[{"embeddable":true,"href":"https:\/\/gamigroup.com\/zh-hant\/wp-json\/wp\/v2\/comments?post=4893"}],"version-history":[{"count":0,"href":"https:\/\/gamigroup.com\/zh-hant\/wp-json\/wp\/v2\/pages\/4893\/revisions"}],"wp:attachment":[{"href":"https:\/\/gamigroup.com\/zh-hant\/wp-json\/wp\/v2\/media?parent=4893"}],"curies":[{"name":"wp","href":"https:\/\/api.w.org\/{rel}","templated":true}]}}