{"id":4887,"date":"2019-06-07T10:33:33","date_gmt":"2019-06-07T03:33:33","guid":{"rendered":"https:\/\/gamigroup.com\/gami-automobile\/"},"modified":"2023-03-16T15:50:57","modified_gmt":"2023-03-16T08:50:57","slug":"gami-automobile","status":"publish","type":"page","link":"https:\/\/gamigroup.com\/zh-hant\/gami-automobile\/","title":{"rendered":"Gami Automobile"},"content":{"rendered":"\n\t<section class=\"section\" id=\"section_748125427\">\n\t\t<div class=\"section-bg fill\" >\n\t\t\t<img loading=\"lazy\" decoding=\"async\" width=\"1792\" height=\"1008\" src=\"https:\/\/gamigroup.com\/wp-content\/uploads\/2019\/06\/image.MQ6_.8.2x.20180803112426.jpeg\" class=\"bg attachment- size-\" alt=\"\" title=\"\">\t\t\t\t\t\t<div class=\"section-bg-overlay absolute fill\"><\/div>\n\t\t\t\n\n\t\t<\/div>\n\n\t\t\n\n\t\t<div class=\"section-content relative\">\n\t\t\t\n<div class=\"row\" id=\"row-504930783\">\n\n\t<div id=\"col-1295122732\" class=\"col small-12 large-12\" >\n\t\t\t\t<div class=\"col-inner\" >\n\t\t\t\n\t\t\t\n <div id=\"page-header-1037479393\" class=\"page-header-wrapper\">\n <div class=\"page-title dark simple-title\">\n\n \n <div class=\"page-title-inner container align-center flex-row medium-flex-wrap\" >\n <div class=\"title-wrapper is-large flex-col text-left medium-text-center\">\n <h1 class=\"entry-title mb-0\">\n Gami Automobile <\/h1>\n <\/div>\n <div class=\"title-content flex-col flex-right text-right medium-text-center\">\n <div class=\"title-share pt-half pb-half\"><div class=\"social-icons share-icons share-row relative\" ><a href=\"https:\/\/www.facebook.com\/sharer.php?u=https:\/\/gamigroup.com\/zh-hant\/gami-automobile\/\" data-label=\"Facebook\" onclick=\"window.open(this.href,this.title,'width=500,height=500,top=300px,left=300px'); return false;\" target=\"_blank\" class=\"icon button circle is-outline tooltip facebook\" title=\"Share on Facebook\" aria-label=\"Share on Facebook\" rel=\"noopener nofollow\" ><i class=\"icon-facebook\" ><\/i><\/a><a href=\"https:\/\/twitter.com\/share?url=https:\/\/gamigroup.com\/zh-hant\/gami-automobile\/\" onclick=\"window.open(this.href,this.title,'width=500,height=500,top=300px,left=300px'); return false;\" target=\"_blank\" class=\"icon button circle is-outline tooltip twitter\" title=\"Share on Twitter\" aria-label=\"Share on Twitter\" rel=\"noopener nofollow\" ><i class=\"icon-twitter\" ><\/i><\/a><a href=\"mailto:?subject=Gami%20Automobile&body=Check%20this%20out%3A%20https%3A%2F%2Fgamigroup.com%2Fzh-hant%2Fgami-automobile%2F\" class=\"icon button circle is-outline tooltip email\" title=\"Email to a Friend\" aria-label=\"Email to a Friend\" rel=\"nofollow\" ><i class=\"icon-envelop\" ><\/i><\/a><a href=\"https:\/\/www.linkedin.com\/shareArticle?mini=true&url=https:\/\/gamigroup.com\/zh-hant\/gami-automobile\/&title=Gami%20Automobile\" onclick=\"window.open(this.href,this.title,'width=500,height=500,top=300px,left=300px'); return false;\" target=\"_blank\" class=\"icon button circle is-outline tooltip linkedin\" title=\"Share on LinkedIn\" aria-label=\"Share on LinkedIn\" rel=\"noopener nofollow\" ><i class=\"icon-linkedin\" ><\/i><\/a><a href=\"https:\/\/telegram.me\/share\/url?url=https:\/\/gamigroup.com\/zh-hant\/gami-automobile\/\" onclick=\"window.open(this.href,this.title,'width=500,height=500,top=300px,left=300px'); return false;\" target=\"_blank\" class=\"icon button circle is-outline tooltip telegram\" title=\"Share on Telegram\" aria-label=\"Share on Telegram\" rel=\"noopener nofollow\" ><i class=\"icon-telegram\" ><\/i><\/a><\/div><\/div> <\/div>\n <\/div>\n\n <\/div>\n <\/div>\n \n\t\t<\/div>\n\t\t\t\t\t<\/div>\n\n\t\n<\/div>\n\t\t<\/div>\n\n\t\t\n<style>\n#section_748125427{\n padding-top:30px;\n padding-bottom:30px;\n}\n#section_748125427 .section-bg-overlay{\n background-color:rgba(0,0,0,0.63);\n}\n#section_748125427 .section-bg img{\n object-position:0% 73%;\n}\n<\/style>\n\t<\/section>\n\t\n\n\t<section class=\"section\" id=\"section_986513379\">\n\t\t<div class=\"section-bg fill\" >\n\t\t\t\t\t\t\t\t\t\n\t\t\t\n\n\t\t<\/div>\n\n\t\t\n\n\t\t<div class=\"section-content relative\">\n\t\t\t\n<div class=\"row\" id=\"row-809149889\">\n\n\t<div id=\"col-1455494807\" class=\"col small-12 large-12\" >\n\t\t\t\t<div class=\"col-inner\" >\n\t\t\t\n\t\t\t\n<p>Gami Group x\u00e1c \u0111\u1ecbnh chi\u1ebfn l\u01b0\u1ee3c s\u1ea3n xu\u1ea5t kinh doanh \u0111\u1ea7y \u0111\u1ee7 ch\u1ee7ng lo\u1ea1i xe \u00f4 t\u00f4: xe du l\u1ecbch, xe t\u1ea3i v\u00e0 xe chuy\u00ean d\u1ee5ng, c\u00f3 t\u1ea5t c\u1ea3 ph\u00e2n kh\u00fac theo th\u01b0\u01a1ng hi\u1ec7u: trung c\u1ea5p, cao c\u1ea5p, h\u1ea1ng sang v\u00e0 xe th\u01b0\u01a1ng m\u1ea1i.<\/p>\n<p>Gami Group s\u1ebd \u0111\u1ea7u t\u01b0 m\u1ea1nh m\u1ebd v\u00e0 hi\u1ec7n \u0111\u1ea1i chu\u1ed7i gi\u00e1 tr\u1ecb s\u1ea3n xu\u1ea5t kinh doanh \u00f4 t\u00f4 kh\u00e9p k\u00edn. Trong \u0111\u00f3, ba c\u1ed1t l\u00f5i l\u00e0 s\u1ea3n xu\u1ea5t chuy\u00ean bi\u1ec7t theo c\u00e1c nh\u00e0 m\u00e1y, ph\u00e2n ph\u1ed1i v\u00e0 b\u00e1n l\u1ebb v\u1edbi c\u00e1c c\u1ee5m showroom, nh\u0103\u0300m chi\u1ebfm l\u0129nh TOP d\u1eabn \u0111\u1ea7u th\u1ecb tr\u01b0\u1eddng trong n\u01b0\u1edbc v\u00e0 h\u01b0\u1edbng \u0111\u1ebfn xu\u1ea5t kh\u1ea9u.<\/p>\n<p>V\u1edbi danh m\u1ee5c \u0111\u1ea7u t\u01b0 \u0111a d\u1ea1ng, h\u1ee3p t\u00e1c v\u1edbi nhi\u1ec1u th\u01b0\u01a1ng hi\u1ec7u \u00f4 t\u00f4 danh ti\u1ebfng tr\u00ean th\u1ebf gi\u1edbi, tri\u1ec3n khai kh\u00e9p k\u00edn chu\u1ed7i cung \u1ee9ng bao g\u1ed3m: ph\u00e2n ph\u1ed1i, b\u00e1n h\u00e0ng, d\u1ecbch v\u1ee5 h\u1eadu m\u00e3i, s\u1eeda ch\u1eefa, b\u1ea3o d\u01b0\u1ee1ng, cho thu\u00ea, ti\u1ebfn t\u1edbi s\u1ea3n xu\u1ea5t \u00f4 t\u00f4 t\u1ea1i Vi\u1ec7t Nam, Gami Group k\u00eau g\u1ecdi s\u1ef1 \u0111\u1ea7u t\u01b0 chi\u1ebfn l\u01b0\u1ee3c c\u00f9ng c\u00e1c \u0111\u1ed1i t\u00e1c trong v\u00e0 ngo\u00e0i n\u01b0\u1edbc trong l\u0129nh v\u1ef1c \u00f4 t\u00f4, v\u1edbi ngu\u1ed3n v\u1ed1n k\u1ef3 v\u1ecdng l\u00ean t\u1edbi 200 tri\u1ec7u USD.<\/p>\n\t<div class=\"img has-hover x md-x lg-x y md-y lg-y\" id=\"image_641971279\">\n\t\t\t\t\t\t\t\t<div class=\"img-inner dark\" >\n\t\t\t<img loading=\"lazy\" decoding=\"async\" width=\"1545\" height=\"1241\" src=\"https:\/\/gamigroup.com\/wp-content\/uploads\/2019\/06\/automobile2.png\" class=\"attachment-original size-original\" alt=\"\" srcset=\"https:\/\/gamigroup.com\/wp-content\/uploads\/2019\/06\/automobile2.png 1545w, https:\/\/gamigroup.com\/wp-content\/uploads\/2019\/06\/automobile2-300x241.png 300w, https:\/\/gamigroup.com\/wp-content\/uploads\/2019\/06\/automobile2-768x617.png 768w, https:\/\/gamigroup.com\/wp-content\/uploads\/2019\/06\/automobile2-1024x823.png 1024w, https:\/\/gamigroup.com\/wp-content\/uploads\/2019\/06\/automobile2-600x482.png 600w\" sizes=\"auto, (max-width: 1545px) 100vw, 1545px\" title=\"\">\t\t\t\t\t\t\n\t\t\t\t\t<\/div>\n\t\t\t\t\t\t\t\t\n<style>\n#image_641971279{\n width:100%;\n}\n<\/style>\n\t<\/div>\n\t\n\t\t<\/div>\n\t\t\t\t\t<\/div>\n\n\t\n<\/div>\n\t\t<\/div>\n\n\t\t\n<style>\n#section_986513379{\n padding-top:30px;\n padding-bottom:30px;\n}\n<\/style>\n\t<\/section>\n\t\n\n\t<section class=\"section\" id=\"section_889170732\">\n\t\t<div class=\"section-bg fill\" >\n\t\t\t\t\t\t\t\t\t\n\t\t\t\n\n\t\t<\/div>\n\n\t\t\n\n\t\t<div class=\"section-content relative\">\n\t\t\t\n<div class=\"row\" id=\"row-1596718580\">\n\n\t<div id=\"col-1688816595\" class=\"col hide-for-medium medium-1 small-12 large-1\" >\n\t\t\t\t<div class=\"col-inner\" >\n\t\t\t\n\t\t\t\n\t\t<\/div>\n\t\t\t\t\t<\/div>\n\n\t\n\n\t<div id=\"col-2123563319\" class=\"col medium-4 small-12 large-4\" >\n\t\t\t\t<div class=\"col-inner\" >\n\t\t\t\n\t\t\t\n\t<div class=\"img has-hover x md-x lg-x y md-y lg-y\" id=\"image_589850411\">\n\t\t\t\t\t\t\t\t<div class=\"img-inner dark\" >\n\t\t\t<img loading=\"lazy\" decoding=\"async\" width=\"409\" height=\"478\" src=\"https:\/\/gamigroup.com\/wp-content\/uploads\/2023\/03\/GamiLand.png\" class=\"attachment-original size-original\" alt=\"GamiLand\" srcset=\"https:\/\/gamigroup.com\/wp-content\/uploads\/2023\/03\/GamiLand.png 409w, https:\/\/gamigroup.com\/wp-content\/uploads\/2023\/03\/GamiLand-257x300.png 257w\" sizes=\"auto, (max-width: 409px) 100vw, 409px\" title=\"\">\t\t\t\t\t\t\n\t\t\t\t\t<\/div>\n\t\t\t\t\t\t\t\t\n<style>\n#image_589850411{\n width:100%;\n}\n<\/style>\n\t<\/div>\n\t\n\t\t<\/div>\n\t\t\t\t\t<\/div>\n\n\t\n\n\t<div id=\"col-1694091738\" class=\"col medium-7 small-12 large-7\" >\n\t\t\t\t<div class=\"col-inner\" >\n\t\t\t\n\t\t\t\n\t<div class=\"img has-hover x md-x lg-x y md-y lg-y\" id=\"image_900014973\">\n\t\t\t\t\t\t\t\t<div class=\"img-inner dark\" >\n\t\t\t<img loading=\"lazy\" decoding=\"async\" width=\"877\" height=\"535\" src=\"https:\/\/gamigroup.com\/wp-content\/uploads\/2023\/03\/GML.png\" class=\"attachment-original size-original\" alt=\"GamiLand\" srcset=\"https:\/\/gamigroup.com\/wp-content\/uploads\/2023\/03\/GML.png 877w, https:\/\/gamigroup.com\/wp-content\/uploads\/2023\/03\/GML-300x183.png 300w, https:\/\/gamigroup.com\/wp-content\/uploads\/2023\/03\/GML-768x469.png 768w\" sizes=\"auto, (max-width: 877px) 100vw, 877px\" title=\"\">\t\t\t\t\t\t\n\t\t\t\t\t<\/div>\n\t\t\t\t\t\t\t\t\n<style>\n#image_900014973{\n width:100%;\n}\n<\/style>\n\t<\/div>\n\t\n\t\t<\/div>\n\t\t\t\t\t<\/div>\n\n\t\n<\/div>\n\t<div id=\"text-2576092729\" class=\"text\">\n\t\t\n<h2>M\u1ed8T S\u1ed0 GI\u1ea2I TH\u01af\u1edeNG C\u1ee6A \u0110\u1ea2O K\u00dd \u1ee8C H\u1ed8I AN<\/h2>\n\t\t\n<style>\n#text-2576092729{\n text-align:center;\n color:rgb(242,0,0);\n}\n#text-2576092729 > *{\n color:rgb(242,0,0);\n}\n<\/style>\n\t<\/div>\n\t\n<div class=\"row\" id=\"row-1919324166\">\n\n\t<div id=\"col-1158622359\" class=\"col small-12 large-12\" >\n\t\t\t\t<div class=\"col-inner\" >\n\t\t\t\n\t\t\t\n<div class=\"row\" id=\"row-460542648\">\n\n\t<div id=\"col-1291480784\" class=\"col medium-4 small-12 large-4\" >\n\t\t\t\t<div class=\"col-inner\" >\n\t\t\t\n\t\t\t\n\t<div class=\"img has-hover x md-x lg-x y md-y lg-y\" id=\"image_442165776\">\n\t\t\t\t\t\t\t\t<div class=\"img-inner dark\" >\n\t\t\t<img loading=\"lazy\" decoding=\"async\" width=\"767\" height=\"1024\" src=\"https:\/\/gamigroup.com\/wp-content\/uploads\/2023\/03\/1-1-767x1024.jpg\" class=\"attachment-large size-large\" alt=\"\u0110\u1ea3o K\u00fd \u1ee8c H\u1ed9i An nh\u1eadn gi\u1ea3i th\u01b0\u1edfng\n World Travel Awards 2022\" srcset=\"https:\/\/gamigroup.com\/wp-content\/uploads\/2023\/03\/1-1-767x1024.jpg 767w, https:\/\/gamigroup.com\/wp-content\/uploads\/2023\/03\/1-1-225x300.jpg 225w, https:\/\/gamigroup.com\/wp-content\/uploads\/2023\/03\/1-1-768x1025.jpg 768w, https:\/\/gamigroup.com\/wp-content\/uploads\/2023\/03\/1-1.jpg 956w\" sizes=\"auto, (max-width: 767px) 100vw, 767px\" title=\"\">\t\t\t\t\t\t\n\t\t\t\t\t<\/div>\n\t\t\t\t\t\t\t\t\n<style>\n#image_442165776{\n width:100%;\n}\n<\/style>\n\t<\/div>\n\t\n\t<div id=\"text-2511003858\" class=\"text\">\n\t\t\n<p>\u0110\u1ea3o K\u00fd \u1ee8c H\u1ed9i An nh\u1eadn gi\u1ea3i th\u01b0\u1edfng World Travel Awards 2022<\/p>\n\t\t\n<style>\n#text-2511003858{\n text-align:center;\n}\n<\/style>\n\t<\/div>\n\t\n\t\t<\/div>\n\t\t\t\t\t<\/div>\n\n\t\n\n\t<div id=\"col-771666185\" class=\"col medium-4 small-12 large-4\" >\n\t\t\t\t<div class=\"col-inner\" >\n\t\t\t\n\t\t\t\n\t<div class=\"img has-hover x md-x lg-x y md-y lg-y\" id=\"image_974786044\">\n\t\t\t\t\t\t\t\t<div class=\"img-inner dark\" >\n\t\t\t<img loading=\"lazy\" decoding=\"async\" width=\"214\" height=\"286\" src=\"https:\/\/gamigroup.com\/wp-content\/uploads\/2023\/03\/2-2.jpg\" class=\"attachment-large size-large\" alt=\"\" title=\"\">\t\t\t\t\t\t\n\t\t\t\t\t<\/div>\n\t\t\t\t\t\t\t\t\n<style>\n#image_974786044{\n width:100%;\n}\n<\/style>\n\t<\/div>\n\t\n\t\t<\/div>\n\t\t\t\t\t<\/div>\n\n\t\n\n\t<div id=\"col-2062248053\" class=\"col medium-4 small-12 large-4\" >\n\t\t\t\t<div class=\"col-inner\" >\n\t\t\t\n\t\t\t\n\t<div class=\"img has-hover x md-x lg-x y md-y lg-y\" id=\"image_566260256\">\n\t\t\t\t\t\t\t\t<div class=\"img-inner dark\" >\n\t\t\t<img loading=\"lazy\" decoding=\"async\" width=\"724\" height=\"1024\" src=\"https:\/\/gamigroup.com\/wp-content\/uploads\/2023\/03\/3-2-724x1024.jpg\" class=\"attachment-large size-large\" alt=\"Gi\u1ea3i th\u01b0\u1edfng \u201cHoian Memories Land World Leading entertaiment destination 2022\u201d\" srcset=\"https:\/\/gamigroup.com\/wp-content\/uploads\/2023\/03\/3-2-724x1024.jpg 724w, https:\/\/gamigroup.com\/wp-content\/uploads\/2023\/03\/3-2-212x300.jpg 212w, https:\/\/gamigroup.com\/wp-content\/uploads\/2023\/03\/3-2.jpg 728w\" sizes=\"auto, (max-width: 724px) 100vw, 724px\" title=\"\">\t\t\t\t\t\t\n\t\t\t\t\t<\/div>\n\t\t\t\t\t\t\t\t\n<style>\n#image_566260256{\n width:100%;\n}\n<\/style>\n\t<\/div>\n\t\n\t<div id=\"text-2244240059\" class=\"text\">\n\t\t\n<p>Gi\u1ea3i th\u01b0\u1edfng \u201cHoian Memories Land World Leading entertaiment destination 2022\u201d<\/p>\n\t\t\n<style>\n#text-2244240059{\n text-align:center;\n}\n<\/style>\n\t<\/div>\n\t\n\t\t<\/div>\n\t\t\t\t\t<\/div>\n\n\t\n\n\t<div id=\"col-659940657\" class=\"col medium-8 small-12 large-8\" >\n\t\t\t\t<div class=\"col-inner\" >\n\t\t\t\n\t\t\t\n\t<div class=\"img has-hover x md-x lg-x y md-y lg-y\" id=\"image_345667315\">\n\t\t\t\t\t\t\t\t<div class=\"img-inner dark\" >\n\t\t\t<img loading=\"lazy\" decoding=\"async\" width=\"485\" height=\"273\" src=\"https:\/\/gamigroup.com\/wp-content\/uploads\/2023\/03\/4.png\" class=\"attachment-large size-large\" alt=\"Khu ngh\u1ec9 d\u01b0\u1ee1ng gi\u1ea3i tr\u00ed h\u00e0ng \u0111\u1ea7u ch\u00e2u \u00c1: Hoi An Memories Resort &amp; Spa (Asia&#039;s Leading Entertainment Resort 2022)\" srcset=\"https:\/\/gamigroup.com\/wp-content\/uploads\/2023\/03\/4.png 485w, https:\/\/gamigroup.com\/wp-content\/uploads\/2023\/03\/4-300x169.png 300w\" sizes=\"auto, (max-width: 485px) 100vw, 485px\" title=\"\">\t\t\t\t\t\t\n\t\t\t\t\t<\/div>\n\t\t\t\t\t\t\t\t\n<style>\n#image_345667315{\n width:100%;\n}\n<\/style>\n\t<\/div>\n\t\n\t<div id=\"text-4210843936\" class=\"text\">\n\t\t\n<p>Khu ngh\u1ec9 d\u01b0\u1ee1ng gi\u1ea3i tr\u00ed h\u00e0ng \u0111\u1ea7u ch\u00e2u \u00c1: Hoi An Memories Resort &#038; Spa (Asia&#8217;s Leading Entertainment Resort 2022)<\/p>\n\t\t\n<style>\n#text-4210843936{\n text-align:center;\n}\n<\/style>\n\t<\/div>\n\t\n\t\t<\/div>\n\t\t\t\t\t<\/div>\n\n\t\n\n\t<div id=\"col-188665216\" class=\"col medium-4 small-12 large-4\" >\n\t\t\t\t<div class=\"col-inner\" >\n\t\t\t\n\t\t\t\n\t<div class=\"img has-hover x md-x lg-x y md-y lg-y\" id=\"image_1643149322\">\n\t\t\t\t\t\t\t\t<div class=\"img-inner dark\" >\n\t\t\t<img loading=\"lazy\" decoding=\"async\" width=\"287\" height=\"288\" src=\"https:\/\/gamigroup.com\/wp-content\/uploads\/2023\/03\/5-1.jpg\" class=\"attachment-large size-large\" alt=\"&quot;K\u00dd \u1ee8C H\u1ed8I AN&quot; VINH D\u1ef0 \u0110\u1ea0T GI\u1ea2I TH\u01af\u1edeNG \nTRAVELLERS\u2019 CHOICE 2020 TR\u00caN RIPADVISOR\" srcset=\"https:\/\/gamigroup.com\/wp-content\/uploads\/2023\/03\/5-1.jpg 287w, https:\/\/gamigroup.com\/wp-content\/uploads\/2023\/03\/5-1-150x150.jpg 150w\" sizes=\"auto, (max-width: 287px) 100vw, 287px\" title=\"\">\t\t\t\t\t\t\n\t\t\t\t\t<\/div>\n\t\t\t\t\t\t\t\t\n<style>\n#image_1643149322{\n width:100%;\n}\n<\/style>\n\t<\/div>\n\t\n\t<div id=\"text-2784067437\" class=\"text\">\n\t\t\n<p>&#8220;K\u00fd \u1ee8c H\u1ed9i An&#8221; vinh d\u1ef1 \u0111\u1ea1t gi\u1ea3i th\u01b0\u1edfng Travellers\u2019 Choice 2020 tr\u00ean Tripadvisor<\/p>\n\t\t\n<style>\n#text-2784067437{\n text-align:center;\n}\n<\/style>\n\t<\/div>\n\t\n\t\t<\/div>\n\t\t\t\t\t<\/div>\n\n\t\n<\/div>\n\t\t<\/div>\n\t\t\t\t\t<\/div>\n\n\t\n<\/div>\n\t\t<\/div>\n\n\t\t\n<style>\n#section_889170732{\n padding-top:30px;\n padding-bottom:30px;\n}\n<\/style>\n\t<\/section>\n\t\n","protected":false},"excerpt":{"rendered":"","protected":false},"author":8,"featured_media":0,"parent":0,"menu_order":0,"comment_status":"closed","ping_status":"closed","template":"page-transparent-header-light.php","meta":{"footnotes":""},"class_list":["post-4887","page","type-page","status-publish","hentry"],"_links":{"self":[{"href":"https:\/\/gamigroup.com\/zh-hant\/wp-json\/wp\/v2\/pages\/4887","targetHints":{"allow":["GET"]}}],"collection":[{"href":"https:\/\/gamigroup.com\/zh-hant\/wp-json\/wp\/v2\/pages"}],"about":[{"href":"https:\/\/gamigroup.com\/zh-hant\/wp-json\/wp\/v2\/types\/page"}],"author":[{"embeddable":true,"href":"https:\/\/gamigroup.com\/zh-hant\/wp-json\/wp\/v2\/users\/8"}],"replies":[{"embeddable":true,"href":"https:\/\/gamigroup.com\/zh-hant\/wp-json\/wp\/v2\/comments?post=4887"}],"version-history":[{"count":0,"href":"https:\/\/gamigroup.com\/zh-hant\/wp-json\/wp\/v2\/pages\/4887\/revisions"}],"wp:attachment":[{"href":"https:\/\/gamigroup.com\/zh-hant\/wp-json\/wp\/v2\/media?parent=4887"}],"curies":[{"name":"wp","href":"https:\/\/api.w.org\/{rel}","templated":true}]}}