{"id":4878,"date":"2019-06-03T22:25:49","date_gmt":"2019-06-03T15:25:49","guid":{"rendered":"https:\/\/gamigroup.com\/gioi-thieu\/"},"modified":"2021-01-06T13:44:02","modified_gmt":"2021-01-06T06:44:02","slug":"gioi-thieu","status":"publish","type":"page","link":"https:\/\/gamigroup.com\/zh-hant\/gioi-thieu\/","title":{"rendered":"Gi\u01a1\u0301i thi\u00ea\u0323u"},"content":{"rendered":"\n\t<section class=\"section\" id=\"section_1741024200\">\n\t\t<div class=\"section-bg fill\" >\n\t\t\t<img loading=\"lazy\" decoding=\"async\" width=\"1920\" height=\"989\" src=\"https:\/\/gamigroup.com\/wp-content\/uploads\/2019\/06\/bg-sub.jpg\" class=\"bg attachment- size-\" alt=\"\" title=\"\">\t\t\t\t\t\t\n\t\t\t\n\n\t\t<\/div>\n\n\t\t\n\n\t\t<div class=\"section-content relative\">\n\t\t\t\n<div class=\"row\" id=\"row-807434520\">\n\n\t<div id=\"col-1366671580\" class=\"col small-12 large-12\" >\n\t\t\t\t<div class=\"col-inner\" >\n\t\t\t\n\t\t\t\n <div id=\"page-header-1500966819\" class=\"page-header-wrapper\">\n <div class=\"page-title dark simple-title\">\n\n \n <div class=\"page-title-inner container align-center flex-row medium-flex-wrap\" >\n <div class=\"title-wrapper is-large flex-col text-left medium-text-center\">\n <h1 class=\"entry-title mb-0\">\n Gi\u01a1\u0301i thi\u00ea\u0323u <\/h1>\n <\/div>\n <div class=\"title-content flex-col flex-right text-right medium-text-center\">\n <div class=\"title-share pt-half pb-half\"><div class=\"social-icons share-icons share-row relative\" ><a href=\"https:\/\/www.facebook.com\/sharer.php?u=https:\/\/gamigroup.com\/zh-hant\/gioi-thieu\/\" data-label=\"Facebook\" onclick=\"window.open(this.href,this.title,'width=500,height=500,top=300px,left=300px'); return false;\" target=\"_blank\" class=\"icon button circle is-outline tooltip facebook\" title=\"Share on Facebook\" aria-label=\"Share on Facebook\" rel=\"noopener nofollow\" ><i class=\"icon-facebook\" ><\/i><\/a><a href=\"https:\/\/twitter.com\/share?url=https:\/\/gamigroup.com\/zh-hant\/gioi-thieu\/\" onclick=\"window.open(this.href,this.title,'width=500,height=500,top=300px,left=300px'); return false;\" target=\"_blank\" class=\"icon button circle is-outline tooltip twitter\" title=\"Share on Twitter\" aria-label=\"Share on Twitter\" rel=\"noopener nofollow\" ><i class=\"icon-twitter\" ><\/i><\/a><a href=\"mailto:?subject=Gi%C6%A1%CC%81i%20thi%C3%AA%CC%A3u&body=Check%20this%20out%3A%20https%3A%2F%2Fgamigroup.com%2Fzh-hant%2Fgioi-thieu%2F\" class=\"icon button circle is-outline tooltip email\" title=\"Email to a Friend\" aria-label=\"Email to a Friend\" rel=\"nofollow\" ><i class=\"icon-envelop\" ><\/i><\/a><a href=\"https:\/\/www.linkedin.com\/shareArticle?mini=true&url=https:\/\/gamigroup.com\/zh-hant\/gioi-thieu\/&title=Gi%C6%A1%CC%81i%20thi%C3%AA%CC%A3u\" onclick=\"window.open(this.href,this.title,'width=500,height=500,top=300px,left=300px'); return false;\" target=\"_blank\" class=\"icon button circle is-outline tooltip linkedin\" title=\"Share on LinkedIn\" aria-label=\"Share on LinkedIn\" rel=\"noopener nofollow\" ><i class=\"icon-linkedin\" ><\/i><\/a><a href=\"https:\/\/telegram.me\/share\/url?url=https:\/\/gamigroup.com\/zh-hant\/gioi-thieu\/\" onclick=\"window.open(this.href,this.title,'width=500,height=500,top=300px,left=300px'); return false;\" target=\"_blank\" class=\"icon button circle is-outline tooltip telegram\" title=\"Share on Telegram\" aria-label=\"Share on Telegram\" rel=\"noopener nofollow\" ><i class=\"icon-telegram\" ><\/i><\/a><\/div><\/div> <\/div>\n <\/div>\n\n <\/div>\n <\/div>\n \n\t\t<\/div>\n\t\t\t\t\t<\/div>\n\n\t\n<\/div>\n\t\t<\/div>\n\n\t\t\n<style>\n#section_1741024200{\n padding-top:30px;\n padding-bottom:30px;\n}\n#section_1741024200 .section-bg img{\n object-position:0% 52%;\n}\n<\/style>\n\t<\/section>\n\t\n\n\t<section class=\"section\" id=\"section_1340184492\">\n\t\t<div class=\"section-bg fill\" >\n\t\t\t\t\t\t\t\t\t\n\t\t\t\n\n\t\t<\/div>\n\n\t\t\n\n\t\t<div class=\"section-content relative\">\n\t\t\t\n<div class=\"row\" id=\"row-1430658680\">\n\n\t<div id=\"col-924131742\" class=\"col small-12 large-12\" >\n\t\t\t\t<div class=\"col-inner\" >\n\t\t\t\n\t\t\t\n<p><strong>Gi\u1edbi thi\u1ec7u:<\/strong><\/p>\n<p>Th\u00e0nh l\u1eadp t\u1eeb n\u0103m 1993, Gami Group \u0111\u00e3 v\u00e0 \u0111ang ph\u00e1t tri\u1ec3n b\u1ec1n v\u1eefng, ph\u1ea5n \u0111\u1ea5u tr\u1edf th\u00e0nh m\u1ed9t t\u1eadp \u0111o\u00e0n \u0111a n\u0103ng v\u1edbi m\u1ee5c ti\u00eau \u201cNh\u00e0 \u1edf &amp; \u00f4 t\u00f4 cho m\u1ed7i gia \u0111\u00ecnh Vi\u1ec7t Nam\u201d. Hi\u1ec7n t\u1ea1i, Gami Group \u0111ang ho\u1ea1t \u0111\u1ed9ng tr\u00ean 3 l\u0129nh v\u1ef1c ch\u00ednh: Th\u01b0\u01a1ng M\u1ea1i, B\u1ea5t \u0110\u1ed9ng S\u1ea3n v\u00e0 T\u00e0i ch\u00ednh.<\/p>\n<p><strong>V\u1ec1 kinh doanh:<\/strong><\/p>\n<p>Doanh thu c\u1ee7a Gami Group t\u0103ng tr\u01b0\u1edfng qua c\u00e1c n\u0103m.<\/p>\n<p><strong>V\u1ec1 nh\u00e2n s\u1ef1:<\/strong><\/p>\n<p>\u201cCon ng\u01b0\u1eddi ph\u00f9 h\u1ee3p l\u00e0 t\u00e0i s\u1ea3n qu\u00fd gi\u00e1 nh\u1ea5t\u201d l\u00e0 m\u1ed9t trong nh\u1eefng nguy\u00ean l\u00fd quan tr\u1ecdng cho s\u1ef1 th\u00e0nh c\u00f4ng b\u1ec1n v\u1eefng c\u1ee7a Gami Group. Ch\u00fang t\u00f4i ho\u00e0n to\u00e0n c\u00f3 th\u1ec3 t\u1ef1 h\u00e0o r\u1eb1ng, Gami Group l\u00e0 m\u1ed9t trong s\u1ed1 \u00edt doanh nghi\u1ec7p t\u01b0 nh\u00e2n c\u1ee7a Vi\u1ec7t Nam \u0111\u00e3 t\u1ea1o ra \u0111\u01b0\u1ee3c m\u1ed9t m\u00f4i tr\u01b0\u1eddng t\u1ed1t nh\u1eb1m khuy\u1ebfn kh\u00edch ng\u01b0\u1eddi lao \u0111\u1ed9ng g\u1eafn b\u00f3 l\u00e2u d\u00e0i v\u1edbi C\u00f4ng ty.<\/p>\n<p><strong>C\u00e1c l\u0129nh v\u1ef1c ho\u1ea1t \u0111\u1ed9ng ch\u00ednh:<\/strong><\/p>\n<p>V\u1edbi \u0111\u1ecbnh h\u01b0\u1edbng h\u1ec7 th\u1ed1ng t\u1eadp \u0111o\u00e0n \u0111a ng\u00e0nh, Gami Group ho\u1ea1t \u0111\u1ed9ng tr\u00ean c\u00e1c l\u0129nh v\u1ef1c:<\/p>\n<p>&#8211; \u00a0Ph\u00e2n ph\u1ed1i \u00f4t\u00f4 v\u00e0 d\u1ecbch v\u1ee5<\/p>\n<p>&#8211; Ph\u00e1t tri\u1ec3n c\u00e1c khu \u0111\u00f4 th\u1ecb \u0111\u1ed3ng b\u1ed9, chung c\u01b0 cao c\u1ea5p<\/p>\n<p>&#8211;\u00a0 D\u1ecbch v\u1ee5 gia t\u0103ng B\u1ea5t \u0111\u1ed9ng s\u1ea3n (V\u0103n ph\u00f2ng cao c\u1ea5p cho thu\u00ea v\u00e0 d\u1ecbch v\u1ee5 v\u0103n ph\u00f2ng, Trung t\u00e2m Th\u01b0\u01a1ng m\u1ea1i &amp; D\u1ecbch v\u1ee5, Kh\u00e1ch s\u1ea1n cao c\u1ea5p, c\u00e1c khu ngh\u1ec9 d\u01b0\u1ee1ng cao c\u1ea5p + X\u00e2y d\u1ef1ng v\u00e0 thi\u1ebft k\u1ebf)<\/p>\n<p>&#8211;\u00a0 X\u00fac ti\u1ebfn \u0110\u1ea7u t\u01b0 Kinh doanh B\u1ea5t \u0110\u1ed9ng S\u1ea3n v\u00e0 Du l\u1ecbch<\/p>\n<p>&#8211;\u00a0 Kinh doanh Nh\u01b0\u1ee3ng quy\u1ec1n Th\u01b0\u01a1ng m\u1ea1i<\/p>\n<p><strong>H\u1ec7 th\u1ed1ng ti\u00eau chu\u1ea9n:<\/strong><\/p>\n<p>H\u1ec7 th\u1ed1ng ti\u00eau chu\u1ea9n ISO 9001:2000 \u0111\u00e3 \u0111\u01b0\u1ee3c Gami Group \u00e1p d\u1ee5ng t\u1eeb n\u0103m 2004, t\u1eeb cu\u1ed1i n\u0103m 2007 \u00e1p d\u1ee5ng Kaizen v\u00e0 d\u1ea7n ti\u1ebfn t\u1edbi 6 Sigma. \u0110\u00e2y l\u00e0 c\u00e1c c\u00f4ng c\u1ee5 qu\u1ea3n l\u00fd v\u00e0 t\u1ed5 ch\u1ee9c quan tr\u1ecdng \u0111\u1ec3 Gami Group n\u00e2ng cao t\u00ednh chuy\u00ean nghi\u1ec7p v\u00e0 hi\u1ec7u qu\u1ea3 c\u1ee7a t\u1eadp \u0111o\u00e0n. T\u1eeb n\u1eeda cu\u1ed1i n\u0103m 2005, Gami Group \u0111\u00e3 b\u1eaft \u0111\u1ea7u tri\u1ec3n khai H\u1ec7 th\u1ed1ng qu\u1ea3n l\u00fd ngu\u1ed3n l\u1ef1c doanh nghi\u1ec7p (ERP) c\u1ee7a Oracle &#8211; nh\u1eb1m s\u1ed1 h\u00f3a c\u00e1c quy tr\u00ecnh qu\u1ea3n l\u00fd ngu\u1ed3n l\u1ef1c c\u1ee7a h\u1ec7 th\u1ed1ng, n\u00e2ng cao n\u0103ng l\u1ef1c c\u1ea1nh tranh c\u1ee7a to\u00e0n h\u1ec7 th\u1ed1ng. N\u0103m 2010 \u2013 Gami b\u1eaft \u0111\u1ea7u \u0111\u01b0a v\u00e0o s\u1eed d\u1ee5ng h\u1ec7 th\u1ed1ng ph\u1ea7n m\u1ec1m KPI \u2013 m\u1ed9t c\u00f4ng c\u1ee5 quan tr\u1ecdng \u0111\u1ec3 qu\u1ea3n l\u00fd hi\u1ec7u qu\u1ea3 th\u1ef1c thi c\u1ee7a c\u00e1c c\u1ea5p. \u0110\u00e2y l\u00e0 m\u1ed9t trong chu\u1ed7i c\u00e1c h\u00e0nh \u0111\u1ed9ng n\u00e2ng cao n\u0103ng l\u1ef1c qu\u1ea3n l\u00fd v\u00e0 ki\u1ec3m so\u00e1t ch\u1ea5t l\u01b0\u1ee3ng c\u1ee7a Gami Group trong qu\u00e1 tr\u00ecnh h\u1ed9i nh\u1eadp kinh t\u1ebf Qu\u1ed1c t\u1ebf.<\/p>\n<p><strong>Kh\u00e1ch h\u00e0ng:<\/strong><\/p>\n<p>Gami c\u00f3 th\u1ecb tr\u01b0\u1eddng tr\u00ean to\u00e0n qu\u1ed1c v\u1edbi h\u1ec7 th\u1ed1ng kh\u00e1ch h\u00e0ng thu\u1ed9c 5 nh\u00f3m ch\u00ednh:<\/p>\n<p>&#8211; C\u00e1c c\u01a1 quan Ban, ng\u00e0nh c\u1ee7a Trung \u01b0\u01a1ng v\u00e0 \u0111\u1ecba ph\u01b0\u01a1ng;<\/p>\n<p>&#8211; C\u00e1c C\u00f4ng ty, t\u1eadp \u0111o\u00e0n v\u00e0\u00a0c\u00e1c t\u1ed5 ch\u1ee9c trong n\u01b0\u1edbc;<\/p>\n<p>&#8211; C\u00e1c t\u1ed5 ch\u1ee9c v\u00e0 \u0111\u01a1n v\u1ecb \u0111\u1ed1i t\u00e1c n\u01b0\u1edbc ngo\u00e0i;<\/p>\n<p>&#8211; C\u00e1c c\u00e1 nh\u00e2n trong v\u00e0 ngo\u00e0i n\u01b0\u1edbc;<\/p>\n<p>&#8211; C\u00e1c ng\u00e2n h\u00e0ng, c\u00e1c t\u1ed5 ch\u1ee9c kinh t\u1ebf t\u00e0i ch\u00ednh\u2026<\/p>\n<p><strong>\u0110\u1ed1i t\u00e1c c\u1ee7a Gami:<\/strong><\/p>\n<p>\u0110\u1ed1i t\u00e1c trong n\u01b0\u1edbc c\u1ee7a Gami Group l\u00e0 c\u00e1c B\u1ed9, Ban ng\u00e0nh, h\u1ec7 th\u1ed1ng c\u00e1c ng\u00e2n h\u00e0ng th\u01b0\u01a1ng m\u1ea1i l\u1edbn, c\u00e1c Ch\u1ee7 \u0111\u1ea7u t\u01b0 l\u00e0 doanh nghi\u1ec7p Nh\u00e0 n\u01b0\u1edbc v\u00e0 doanh nghi\u1ec7p t\u01b0 nh\u00e2n h\u00e0ng \u0111\u1ea7u, c\u00e1c t\u1eadp \u0111o\u00e0n qu\u1ed1c t\u1ebf v\u1edbi nh\u1eefng th\u01b0\u01a1ng hi\u1ec7u n\u1ed5i ti\u1ebfng t\u1eeb Ch\u00e2u \u00c2u, Ch\u00e2u \u00c1, Ch\u00e2u M\u1ef9 nh\u01b0: Nh\u1eadt B\u1ea3n, Trung Qu\u1ed1c, H\u00e0n Qu\u1ed1c, Th\u00e1i Lan, M\u1ef9, Nga, \u0110\u1ee9c, Ph\u00e1p\u2026 Ngo\u00e0i ra Gami Group hi\u1ec7n \u0111ang l\u00e0m nh\u00e0 ph\u00e2n ph\u1ed1i cho c\u00e1c h\u00e3ng xe \u00f4 t\u00f4 n\u1ed5i ti\u1ebfng th\u1ebf gi\u1edbi nh\u01b0: Mercedez Benz, Mitsubishi, GM, Ford,\u00a0<\/p>\n\t\t<\/div>\n\t\t\t\t\t<\/div>\n\n\t\n<\/div>\n\t\t<\/div>\n\n\t\t\n<style>\n#section_1340184492{\n padding-top:30px;\n padding-bottom:30px;\n}\n<\/style>\n\t<\/section>\n\t\n","protected":false},"excerpt":{"rendered":"","protected":false},"author":8,"featured_media":0,"parent":0,"menu_order":0,"comment_status":"closed","ping_status":"closed","template":"page-transparent-header-light.php","meta":{"footnotes":""},"class_list":["post-4878","page","type-page","status-publish","hentry"],"_links":{"self":[{"href":"https:\/\/gamigroup.com\/zh-hant\/wp-json\/wp\/v2\/pages\/4878","targetHints":{"allow":["GET"]}}],"collection":[{"href":"https:\/\/gamigroup.com\/zh-hant\/wp-json\/wp\/v2\/pages"}],"about":[{"href":"https:\/\/gamigroup.com\/zh-hant\/wp-json\/wp\/v2\/types\/page"}],"author":[{"embeddable":true,"href":"https:\/\/gamigroup.com\/zh-hant\/wp-json\/wp\/v2\/users\/8"}],"replies":[{"embeddable":true,"href":"https:\/\/gamigroup.com\/zh-hant\/wp-json\/wp\/v2\/comments?post=4878"}],"version-history":[{"count":0,"href":"https:\/\/gamigroup.com\/zh-hant\/wp-json\/wp\/v2\/pages\/4878\/revisions"}],"wp:attachment":[{"href":"https:\/\/gamigroup.com\/zh-hant\/wp-json\/wp\/v2\/media?parent=4878"}],"curies":[{"name":"wp","href":"https:\/\/api.w.org\/{rel}","templated":true}]}}