{"id":4661,"date":"2020-04-16T17:57:41","date_gmt":"2020-04-16T10:57:41","guid":{"rendered":"https:\/\/gamigroup.com\/?page_id=4661"},"modified":"2020-04-16T17:57:41","modified_gmt":"2020-04-16T10:57:41","slug":"training-news","status":"publish","type":"page","link":"https:\/\/gamigroup.com\/en\/training-news\/","title":{"rendered":"TRAINING NEWS"},"content":{"rendered":"\n\t<section class=\"section\" id=\"section_972467337\">\n\t\t<div class=\"section-bg fill\" >\n\t\t\t<img loading=\"lazy\" decoding=\"async\" width=\"1920\" height=\"989\" src=\"https:\/\/gamigroup.com\/wp-content\/uploads\/2019\/06\/bg-sub.jpg\" class=\"bg attachment- size-\" alt=\"\" title=\"\">\t\t\t\t\t\t\n\t\t\t\n\n\t\t<\/div>\n\n\t\t\n\n\t\t<div class=\"section-content relative\">\n\t\t\t\n<div class=\"row\" id=\"row-1290744016\">\n\n\t<div id=\"col-1544573888\" class=\"col small-12 large-12\" >\n\t\t\t\t<div class=\"col-inner\" >\n\t\t\t\n\t\t\t\n <div id=\"page-header-124459812\" class=\"page-header-wrapper\">\n <div class=\"page-title dark simple-title\">\n\n \n <div class=\"page-title-inner container align-center flex-row medium-flex-wrap\" >\n <div class=\"title-wrapper flex-col text-left medium-text-center\">\n <h1 class=\"entry-title mb-0\">\n TRAINING NEWS <\/h1>\n <\/div>\n <div class=\"title-content flex-col flex-right text-right medium-text-center\">\n <div class=\"title-share pt-half pb-half\"><div class=\"social-icons share-icons share-row relative\" ><a href=\"https:\/\/www.facebook.com\/sharer.php?u=https:\/\/gamigroup.com\/en\/training-news\/\" data-label=\"Facebook\" onclick=\"window.open(this.href,this.title,'width=500,height=500,top=300px,left=300px'); return false;\" target=\"_blank\" class=\"icon button circle is-outline tooltip facebook\" title=\"Share on Facebook\" aria-label=\"Share on Facebook\" rel=\"noopener nofollow\" ><i class=\"icon-facebook\" ><\/i><\/a><a href=\"https:\/\/twitter.com\/share?url=https:\/\/gamigroup.com\/en\/training-news\/\" onclick=\"window.open(this.href,this.title,'width=500,height=500,top=300px,left=300px'); return false;\" target=\"_blank\" class=\"icon button circle is-outline tooltip twitter\" title=\"Share on Twitter\" aria-label=\"Share on Twitter\" rel=\"noopener nofollow\" ><i class=\"icon-twitter\" ><\/i><\/a><a href=\"mailto:?subject=TRAINING%20NEWS&body=Check%20this%20out%3A%20https%3A%2F%2Fgamigroup.com%2Fen%2Ftraining-news%2F\" class=\"icon button circle is-outline tooltip email\" title=\"Email to a Friend\" aria-label=\"Email to a Friend\" rel=\"nofollow\" ><i class=\"icon-envelop\" ><\/i><\/a><a href=\"https:\/\/www.linkedin.com\/shareArticle?mini=true&url=https:\/\/gamigroup.com\/en\/training-news\/&title=TRAINING%20NEWS\" onclick=\"window.open(this.href,this.title,'width=500,height=500,top=300px,left=300px'); return false;\" target=\"_blank\" class=\"icon button circle is-outline tooltip linkedin\" title=\"Share on LinkedIn\" aria-label=\"Share on LinkedIn\" rel=\"noopener nofollow\" ><i class=\"icon-linkedin\" ><\/i><\/a><a href=\"https:\/\/telegram.me\/share\/url?url=https:\/\/gamigroup.com\/en\/training-news\/\" onclick=\"window.open(this.href,this.title,'width=500,height=500,top=300px,left=300px'); return false;\" target=\"_blank\" class=\"icon button circle is-outline tooltip telegram\" title=\"Share on Telegram\" aria-label=\"Share on Telegram\" rel=\"noopener nofollow\" ><i class=\"icon-telegram\" ><\/i><\/a><\/div><\/div> <\/div>\n <\/div>\n\n <\/div>\n <\/div>\n \n\t\t<\/div>\n\t\t\t\t\t<\/div>\n\n\t\n<\/div>\n\t\t<\/div>\n\n\t\t\n<style>\n#section_972467337{\n padding-top:30px;\n padding-bottom:30px;\n}\n#section_972467337 .section-bg img{\n object-position:0% 52%;\n}\n<\/style>\n\t<\/section>\n\t\n\n\t<section class=\"section\" id=\"section_1559233438\">\n\t\t<div class=\"section-bg fill\" >\n\t\t\t\t\t\t\t\t\t\n\t\t\t\n\n\t\t<\/div>\n\n\t\t\n\n\t\t<div class=\"section-content relative\">\n\t\t\t\n <style>\n #row-1655314379 .grid-col-1{height:600px}\n #row-1655314379 .grid-col-1-2{height:300px}\n #row-1655314379 .grid-col-1-3{height:200px}\n #row-1655314379 .grid-col-2-3{height:400px}\n #row-1655314379 .grid-col-1-4{height:150px}\n #row-1655314379 .grid-col-3-4{height:450px}\n\n\n \/* Tablet *\/\n @media (max-width:850px){\n #row-1655314379 .grid-col-1{height:400px}\n #row-1655314379 .grid-col-1-2{height:200px}\n #row-1655314379 .grid-col-1-3{height:133.33333333333px}\n #row-1655314379 .grid-col-2-3{height:266.66666666667px}\n #row-1655314379 .grid-col-1-4{height:100px}\n #row-1655314379 .grid-col-3-4{height:300px}\n}\n \n \/* Mobile *\/\n @media (max-width:550px){\n #row-1655314379 .grid-col-1{height:400px}\n #row-1655314379 .grid-col-1-2{height:200px}\n #row-1655314379 .grid-col-1-3{height:133.33333333333px}\n #row-1655314379 .grid-col-2-3{height:266.66666666667px}\n #row-1655314379 .grid-col-1-4{height:100px}\n #row-1655314379 .grid-col-3-4{height:300px}\n}\n \n\n <\/style>\n \n \n <div id=\"row-1655314379\" class=\"row row-grid\" data-packery-options='{\"itemSelector\": \".col\", \"gutter\": 0, \"presentageWidth\" : true}'>\n\n <div class=\"col post-item grid-col grid-col-1 large-6 medium-12\" >\n\t\t\t<div class=\"col-inner\">\n\t\t\t\t<div class=\"box box-normal box-text-bottom box-blog-post has-hover\">\n \t\t\t\t\t<div class=\"box-image\" >\n \t\t\t\t\t\t<div class=\"image-cover\" style=\"padding-top:56%;\">\n\t\t\t\t\t\t\t<a href=\"https:\/\/gamigroup.com\/en\/congrats-phai-dep-gami-nhan-ngay-quoc-te-phu-nu\/\" class=\"plain\" aria-label=\"Congrats ph\u00e1i \u0111\u1eb9p Gami nh\u00e2n ng\u00e0y Qu\u1ed1c t\u1ebf Ph\u1ee5 n\u1eef\">\n\t\t\t\t\t\t\t\t<img loading=\"lazy\" decoding=\"async\" width=\"300\" height=\"169\" src=\"https:\/\/gamigroup.com\/wp-content\/uploads\/2020\/03\/all-300x169.png\" class=\"attachment-medium size-medium wp-post-image\" alt=\"\" srcset=\"https:\/\/gamigroup.com\/wp-content\/uploads\/2020\/03\/all-300x169.png 300w, https:\/\/gamigroup.com\/wp-content\/uploads\/2020\/03\/all-768x432.png 768w, https:\/\/gamigroup.com\/wp-content\/uploads\/2020\/03\/all-1024x576.png 1024w, https:\/\/gamigroup.com\/wp-content\/uploads\/2020\/03\/all.png 1920w\" sizes=\"auto, (max-width: 300px) 100vw, 300px\" title=\"\">\t\t\t\t\t\t\t<\/a>\n \t\t\t\t\t\t\t \t\t\t\t\t\t\t \t\t\t\t\t\t<\/div>\n \t\t\t\t\t\t \t\t\t\t\t<\/div>\n \t\t\t\t\t<div class=\"box-text text-center\" >\n\t\t\t\t\t<div class=\"box-text-inner blog-post-inner\">\n\n\t\t\t\t\t\n\t\t\t\t\t\t\t\t\t\t<h5 class=\"post-title is-large \">\n\t\t\t\t\t\t<a href=\"https:\/\/gamigroup.com\/en\/congrats-phai-dep-gami-nhan-ngay-quoc-te-phu-nu\/\" class=\"plain\">Congrats ph\u00e1i \u0111\u1eb9p Gami nh\u00e2n ng\u00e0y Qu\u1ed1c t\u1ebf Ph\u1ee5 n\u1eef<\/a>\n\t\t\t\t\t<\/h5>\n\t\t\t\t\t\t\t\t\t\t<div class=\"is-divider\"><\/div>\n\t\t\t\t\t\t\t\t\t\t<p class=\"from_the_blog_excerpt \">\n\t\t\t\t\t\tNh\u00e2n \u0111\u00f3n ch\u00e0o m\u1ed9t ng\u00e0y l\u1ec5 c\u1ee7a m\u1ed9t n\u1eeda th\u1ebf gi\u1edbi \u0111ang \u0111\u1ebfn r\u1ea5t g\u1ea7n,...\t\t\t\t\t<\/p>\n\t\t\t\t\t \n\t\t\t\t\t\n\t\t\t\t\t\n\t\t\t\t\t<\/div>\n\t\t\t\t\t<\/div>\n\t\t\t\t\t\t\t\t\t\t\t\t\t\t\t\t<div class=\"badge absolute top post-date badge-square\">\n\t\t\t\t\t\t\t<div class=\"badge-inner\">\n\t\t\t\t\t\t\t\t<span class=\"post-date-day\">17<\/span><br>\n\t\t\t\t\t\t\t\t<span class=\"post-date-month is-xsmall\">Apr<\/span>\n\t\t\t\t\t\t\t<\/div>\n\t\t\t\t\t\t<\/div>\n\t\t\t\t\t\t\t\t\t<\/div>\n\t\t\t<\/div>\n\t\t<\/div><div class=\"col post-item grid-col grid-col-1 large-3 medium-6\" >\n\t\t\t<div class=\"col-inner\">\n\t\t\t\t<div class=\"box box-normal box-text-bottom box-blog-post has-hover\">\n \t\t\t\t\t<div class=\"box-image\" >\n \t\t\t\t\t\t<div class=\"image-cover\" style=\"padding-top:56%;\">\n\t\t\t\t\t\t\t<a href=\"https:\/\/gamigroup.com\/en\/gami-news-update-news-covid-19\/\" class=\"plain\" aria-label=\"Gami News update news Covid-19\">\n\t\t\t\t\t\t\t\t<img loading=\"lazy\" decoding=\"async\" width=\"300\" height=\"162\" src=\"https:\/\/gamigroup.com\/wp-content\/uploads\/2020\/03\/coronavirus-website-2-300x162.jpg\" class=\"attachment-medium size-medium wp-post-image\" alt=\"\" srcset=\"https:\/\/gamigroup.com\/wp-content\/uploads\/2020\/03\/coronavirus-website-2-300x162.jpg 300w, https:\/\/gamigroup.com\/wp-content\/uploads\/2020\/03\/coronavirus-website-2-768x414.jpg 768w, https:\/\/gamigroup.com\/wp-content\/uploads\/2020\/03\/coronavirus-website-2.jpg 770w\" sizes=\"auto, (max-width: 300px) 100vw, 300px\" title=\"\">\t\t\t\t\t\t\t<\/a>\n \t\t\t\t\t\t\t \t\t\t\t\t\t\t \t\t\t\t\t\t<\/div>\n \t\t\t\t\t\t \t\t\t\t\t<\/div>\n \t\t\t\t\t<div class=\"box-text text-center\" >\n\t\t\t\t\t<div class=\"box-text-inner blog-post-inner\">\n\n\t\t\t\t\t\n\t\t\t\t\t\t\t\t\t\t<h5 class=\"post-title is-large \">\n\t\t\t\t\t\t<a href=\"https:\/\/gamigroup.com\/en\/gami-news-update-news-covid-19\/\" class=\"plain\">Gami News update news Covid-19<\/a>\n\t\t\t\t\t<\/h5>\n\t\t\t\t\t\t\t\t\t\t<div class=\"is-divider\"><\/div>\n\t\t\t\t\t\t\t\t\t\t<p class=\"from_the_blog_excerpt \">\n\t\t\t\t\t\tTin t\u1ee9c m\u00f9a d\u1ecbch Covid-19 B\u1ea3n tin s\u1ed1 01 &#8211; Ph\u00e1t s\u00f3ng ng\u00e0y 09\/03\/2020 B\u1ea3n...\t\t\t\t\t<\/p>\n\t\t\t\t\t \n\t\t\t\t\t\n\t\t\t\t\t\n\t\t\t\t\t<\/div>\n\t\t\t\t\t<\/div>\n\t\t\t\t\t\t\t\t\t\t\t\t\t\t\t\t<div class=\"badge absolute top post-date badge-square\">\n\t\t\t\t\t\t\t<div class=\"badge-inner\">\n\t\t\t\t\t\t\t\t<span class=\"post-date-day\">17<\/span><br>\n\t\t\t\t\t\t\t\t<span class=\"post-date-month is-xsmall\">Apr<\/span>\n\t\t\t\t\t\t\t<\/div>\n\t\t\t\t\t\t<\/div>\n\t\t\t\t\t\t\t\t\t<\/div>\n\t\t\t<\/div>\n\t\t<\/div><div class=\"col post-item grid-col grid-col-1-2 large-3 medium-6\" >\n\t\t\t<div class=\"col-inner\">\n\t\t\t\t<div class=\"box box-normal box-text-bottom box-blog-post has-hover\">\n \t\t\t\t\t<div class=\"box-image\" >\n \t\t\t\t\t\t<div class=\"image-cover\" style=\"padding-top:56%;\">\n\t\t\t\t\t\t\t<a href=\"https:\/\/gamigroup.com\/en\/moving-on-gamians\/\" class=\"plain\" aria-label=\"Moving on, Gamians!\">\n\t\t\t\t\t\t\t\t<img loading=\"lazy\" decoding=\"async\" width=\"150\" height=\"150\" src=\"https:\/\/gamigroup.com\/wp-content\/uploads\/2020\/03\/1D7A9421-150x150.jpg\" class=\"attachment-thumbnail size-thumbnail wp-post-image\" alt=\"\" title=\"\">\t\t\t\t\t\t\t<\/a>\n \t\t\t\t\t\t\t \t\t\t\t\t\t\t \t\t\t\t\t\t<\/div>\n \t\t\t\t\t\t \t\t\t\t\t<\/div>\n \t\t\t\t\t<div class=\"box-text text-center\" >\n\t\t\t\t\t<div class=\"box-text-inner blog-post-inner\">\n\n\t\t\t\t\t\n\t\t\t\t\t\t\t\t\t\t<h5 class=\"post-title is-large \">\n\t\t\t\t\t\t<a href=\"https:\/\/gamigroup.com\/en\/moving-on-gamians\/\" class=\"plain\">Moving on, Gamians!<\/a>\n\t\t\t\t\t<\/h5>\n\t\t\t\t\t\t\t\t\t\t<div class=\"is-divider\"><\/div>\n\t\t\t\t\t \n\t\t\t\t\t\n\t\t\t\t\t\n\t\t\t\t\t<\/div>\n\t\t\t\t\t<\/div>\n\t\t\t\t\t\t\t\t\t\t\t\t\t\t\t\t<div class=\"badge absolute top post-date badge-square\">\n\t\t\t\t\t\t\t<div class=\"badge-inner\">\n\t\t\t\t\t\t\t\t<span class=\"post-date-day\">17<\/span><br>\n\t\t\t\t\t\t\t\t<span class=\"post-date-month is-xsmall\">Apr<\/span>\n\t\t\t\t\t\t\t<\/div>\n\t\t\t\t\t\t<\/div>\n\t\t\t\t\t\t\t\t\t<\/div>\n\t\t\t<\/div>\n\t\t<\/div><div class=\"col post-item grid-col grid-col-1-2 large-3 medium-6\" >\n\t\t\t<div class=\"col-inner\">\n\t\t\t\t<div class=\"box box-normal box-text-bottom box-blog-post has-hover\">\n \t\t\t\t\t<div class=\"box-image\" >\n \t\t\t\t\t\t<div class=\"image-cover\" style=\"padding-top:56%;\">\n\t\t\t\t\t\t\t<a href=\"https:\/\/gamigroup.com\/en\/15-gioi-luat-nguyen-tac-song-cua-nguoi-gami\/\" class=\"plain\" aria-label=\"15 Gi\u1edbi lu\u1eadt &#8211; Nguy\u00ean t\u1eafc s\u1ed1ng c\u1ee7a ng\u01b0\u1eddi Gami\">\n\t\t\t\t\t\t\t\t<img loading=\"lazy\" decoding=\"async\" width=\"150\" height=\"150\" src=\"https:\/\/gamigroup.com\/wp-content\/uploads\/2020\/03\/88397686_216287589566875_515543629121454080_o-150x150.jpg\" class=\"attachment-thumbnail size-thumbnail wp-post-image\" alt=\"\" srcset=\"https:\/\/gamigroup.com\/wp-content\/uploads\/2020\/03\/88397686_216287589566875_515543629121454080_o-150x150.jpg 150w, https:\/\/gamigroup.com\/wp-content\/uploads\/2020\/03\/88397686_216287589566875_515543629121454080_o-300x300.jpg 300w, https:\/\/gamigroup.com\/wp-content\/uploads\/2020\/03\/88397686_216287589566875_515543629121454080_o-768x768.jpg 768w, https:\/\/gamigroup.com\/wp-content\/uploads\/2020\/03\/88397686_216287589566875_515543629121454080_o.jpg 960w\" sizes=\"auto, (max-width: 150px) 100vw, 150px\" title=\"\">\t\t\t\t\t\t\t<\/a>\n \t\t\t\t\t\t\t \t\t\t\t\t\t\t \t\t\t\t\t\t<\/div>\n \t\t\t\t\t\t \t\t\t\t\t<\/div>\n \t\t\t\t\t<div class=\"box-text text-center\" >\n\t\t\t\t\t<div class=\"box-text-inner blog-post-inner\">\n\n\t\t\t\t\t\n\t\t\t\t\t\t\t\t\t\t<h5 class=\"post-title is-large \">\n\t\t\t\t\t\t<a href=\"https:\/\/gamigroup.com\/en\/15-gioi-luat-nguyen-tac-song-cua-nguoi-gami\/\" class=\"plain\">15 Gi\u1edbi lu\u1eadt &#8211; Nguy\u00ean t\u1eafc s\u1ed1ng c\u1ee7a ng\u01b0\u1eddi Gami<\/a>\n\t\t\t\t\t<\/h5>\n\t\t\t\t\t\t\t\t\t\t<div class=\"is-divider\"><\/div>\n\t\t\t\t\t \n\t\t\t\t\t\n\t\t\t\t\t\n\t\t\t\t\t<\/div>\n\t\t\t\t\t<\/div>\n\t\t\t\t\t\t\t\t\t\t\t\t\t\t\t\t<div class=\"badge absolute top post-date badge-square\">\n\t\t\t\t\t\t\t<div class=\"badge-inner\">\n\t\t\t\t\t\t\t\t<span class=\"post-date-day\">17<\/span><br>\n\t\t\t\t\t\t\t\t<span class=\"post-date-month is-xsmall\">Apr<\/span>\n\t\t\t\t\t\t\t<\/div>\n\t\t\t\t\t\t<\/div>\n\t\t\t\t\t\t\t\t\t<\/div>\n\t\t\t<\/div>\n\t\t<\/div><div class=\"col post-item grid-col grid-col-1-2 large-3 medium-6\" >\n\t\t\t<div class=\"col-inner\">\n\t\t\t\t<div class=\"box box-normal box-text-bottom box-blog-post has-hover\">\n \t\t\t\t\t<div class=\"box-image\" >\n \t\t\t\t\t\t<div class=\"image-cover\" style=\"padding-top:56%;\">\n\t\t\t\t\t\t\t<a href=\"https:\/\/gamigroup.com\/en\/quy-hanh-trinh-xanh-chung-tay-day-lui-dich-covid-19\/\" class=\"plain\" aria-label=\"Qu\u1ef9 H\u00e0nh Tr\u00ecnh Xanh chung tay \u0111\u1ea9y l\u00f9i d\u1ecbch Covid-19\">\n\t\t\t\t\t\t\t\t<img loading=\"lazy\" decoding=\"async\" width=\"150\" height=\"150\" src=\"https:\/\/gamigroup.com\/wp-content\/uploads\/2020\/04\/91980258_1362438627296977_2296547175271759872_o-150x150.jpg\" class=\"attachment-thumbnail size-thumbnail wp-post-image\" alt=\"\" title=\"\">\t\t\t\t\t\t\t<\/a>\n \t\t\t\t\t\t\t \t\t\t\t\t\t\t \t\t\t\t\t\t<\/div>\n \t\t\t\t\t\t \t\t\t\t\t<\/div>\n \t\t\t\t\t<div class=\"box-text text-center\" >\n\t\t\t\t\t<div class=\"box-text-inner blog-post-inner\">\n\n\t\t\t\t\t\n\t\t\t\t\t\t\t\t\t\t<h5 class=\"post-title is-large \">\n\t\t\t\t\t\t<a href=\"https:\/\/gamigroup.com\/en\/quy-hanh-trinh-xanh-chung-tay-day-lui-dich-covid-19\/\" class=\"plain\">Qu\u1ef9 H\u00e0nh Tr\u00ecnh Xanh chung tay \u0111\u1ea9y l\u00f9i d\u1ecbch Covid-19<\/a>\n\t\t\t\t\t<\/h5>\n\t\t\t\t\t\t\t\t\t\t<div class=\"is-divider\"><\/div>\n\t\t\t\t\t \n\t\t\t\t\t\n\t\t\t\t\t\n\t\t\t\t\t<\/div>\n\t\t\t\t\t<\/div>\n\t\t\t\t\t\t\t\t\t\t\t\t\t\t\t\t<div class=\"badge absolute top post-date badge-square\">\n\t\t\t\t\t\t\t<div class=\"badge-inner\">\n\t\t\t\t\t\t\t\t<span class=\"post-date-day\">16<\/span><br>\n\t\t\t\t\t\t\t\t<span class=\"post-date-month is-xsmall\">Apr<\/span>\n\t\t\t\t\t\t\t<\/div>\n\t\t\t\t\t\t<\/div>\n\t\t\t\t\t\t\t\t\t<\/div>\n\t\t\t<\/div>\n\t\t<\/div><div class=\"col post-item grid-col grid-col-1-2 large-3 medium-6\" >\n\t\t\t<div class=\"col-inner\">\n\t\t\t\t<div class=\"box box-normal box-text-bottom box-blog-post has-hover\">\n \t\t\t\t\t<div class=\"box-image\" >\n \t\t\t\t\t\t<div class=\"image-cover\" style=\"padding-top:56%;\">\n\t\t\t\t\t\t\t<a href=\"https:\/\/gamigroup.com\/en\/livestream-chu-de-covid-19-duoi-goc-nhin-quy-luat-gieo-hat\/\" class=\"plain\" aria-label=\"Livestream ch\u1ee7 \u0111\u1ec1 \u201cCovid 19 d\u01b0\u1edbi g\u00f3c nh\u00ecn quy lu\u1eadt gieo h\u1ea1t\u201d\">\n\t\t\t\t\t\t\t\t<img loading=\"lazy\" decoding=\"async\" width=\"150\" height=\"150\" src=\"https:\/\/gamigroup.com\/wp-content\/uploads\/2020\/04\/92021243_2288127887956760_7849794723400122368_n-150x150.jpg\" class=\"attachment-thumbnail size-thumbnail wp-post-image\" alt=\"\" title=\"\">\t\t\t\t\t\t\t<\/a>\n \t\t\t\t\t\t\t \t\t\t\t\t\t\t \t\t\t\t\t\t<\/div>\n \t\t\t\t\t\t \t\t\t\t\t<\/div>\n \t\t\t\t\t<div class=\"box-text text-center\" >\n\t\t\t\t\t<div class=\"box-text-inner blog-post-inner\">\n\n\t\t\t\t\t\n\t\t\t\t\t\t\t\t\t\t<h5 class=\"post-title is-large \">\n\t\t\t\t\t\t<a href=\"https:\/\/gamigroup.com\/en\/livestream-chu-de-covid-19-duoi-goc-nhin-quy-luat-gieo-hat\/\" class=\"plain\">Livestream ch\u1ee7 \u0111\u1ec1 \u201cCovid 19 d\u01b0\u1edbi g\u00f3c nh\u00ecn quy lu\u1eadt gieo h\u1ea1t\u201d<\/a>\n\t\t\t\t\t<\/h5>\n\t\t\t\t\t\t\t\t\t\t<div class=\"is-divider\"><\/div>\n\t\t\t\t\t \n\t\t\t\t\t\n\t\t\t\t\t\n\t\t\t\t\t<\/div>\n\t\t\t\t\t<\/div>\n\t\t\t\t\t\t\t\t\t\t\t\t\t\t\t\t<div class=\"badge absolute top post-date badge-square\">\n\t\t\t\t\t\t\t<div class=\"badge-inner\">\n\t\t\t\t\t\t\t\t<span class=\"post-date-day\">16<\/span><br>\n\t\t\t\t\t\t\t\t<span class=\"post-date-month is-xsmall\">Apr<\/span>\n\t\t\t\t\t\t\t<\/div>\n\t\t\t\t\t\t<\/div>\n\t\t\t\t\t\t\t\t\t<\/div>\n\t\t\t<\/div>\n\t\t<\/div><div class=\"col post-item grid-col grid-col-1-2 large-3 medium-6\" >\n\t\t\t<div class=\"col-inner\">\n\t\t\t\t<div class=\"box box-normal box-text-bottom box-blog-post has-hover\">\n \t\t\t\t\t<div class=\"box-image\" >\n \t\t\t\t\t\t<div class=\"image-cover\" style=\"padding-top:56%;\">\n\t\t\t\t\t\t\t<a href=\"https:\/\/gamigroup.com\/en\/gamians-work-from-home\/\" class=\"plain\" aria-label=\"Gamians &#038; Work From Home\">\n\t\t\t\t\t\t\t\t<img loading=\"lazy\" decoding=\"async\" width=\"150\" height=\"150\" src=\"https:\/\/gamigroup.com\/wp-content\/uploads\/2020\/04\/screen-0-150x150.jpg\" class=\"attachment-thumbnail size-thumbnail wp-post-image\" alt=\"\" title=\"\">\t\t\t\t\t\t\t<\/a>\n \t\t\t\t\t\t\t \t\t\t\t\t\t\t \t\t\t\t\t\t<\/div>\n \t\t\t\t\t\t \t\t\t\t\t<\/div>\n \t\t\t\t\t<div class=\"box-text text-center\" >\n\t\t\t\t\t<div class=\"box-text-inner blog-post-inner\">\n\n\t\t\t\t\t\n\t\t\t\t\t\t\t\t\t\t<h5 class=\"post-title is-large \">\n\t\t\t\t\t\t<a href=\"https:\/\/gamigroup.com\/en\/gamians-work-from-home\/\" class=\"plain\">Gamians &#038; Work From Home<\/a>\n\t\t\t\t\t<\/h5>\n\t\t\t\t\t\t\t\t\t\t<div class=\"is-divider\"><\/div>\n\t\t\t\t\t \n\t\t\t\t\t\n\t\t\t\t\t\n\t\t\t\t\t<\/div>\n\t\t\t\t\t<\/div>\n\t\t\t\t\t\t\t\t\t\t\t\t\t\t\t\t<div class=\"badge absolute top post-date badge-square\">\n\t\t\t\t\t\t\t<div class=\"badge-inner\">\n\t\t\t\t\t\t\t\t<span class=\"post-date-day\">16<\/span><br>\n\t\t\t\t\t\t\t\t<span class=\"post-date-month is-xsmall\">Apr<\/span>\n\t\t\t\t\t\t\t<\/div>\n\t\t\t\t\t\t<\/div>\n\t\t\t\t\t\t\t\t\t<\/div>\n\t\t\t<\/div>\n\t\t<\/div><\/div>\n\t\t<\/div>\n\n\t\t\n<style>\n#section_1559233438{\n padding-top:30px;\n padding-bottom:30px;\n}\n<\/style>\n\t<\/section>\n\t\n","protected":false},"excerpt":{"rendered":"","protected":false},"author":8,"featured_media":0,"parent":0,"menu_order":0,"comment_status":"closed","ping_status":"closed","template":"page-transparent-header-light.php","meta":{"footnotes":""},"class_list":["post-4661","page","type-page","status-publish","hentry"],"_links":{"self":[{"href":"https:\/\/gamigroup.com\/en\/wp-json\/wp\/v2\/pages\/4661","targetHints":{"allow":["GET"]}}],"collection":[{"href":"https:\/\/gamigroup.com\/en\/wp-json\/wp\/v2\/pages"}],"about":[{"href":"https:\/\/gamigroup.com\/en\/wp-json\/wp\/v2\/types\/page"}],"author":[{"embeddable":true,"href":"https:\/\/gamigroup.com\/en\/wp-json\/wp\/v2\/users\/8"}],"replies":[{"embeddable":true,"href":"https:\/\/gamigroup.com\/en\/wp-json\/wp\/v2\/comments?post=4661"}],"version-history":[{"count":0,"href":"https:\/\/gamigroup.com\/en\/wp-json\/wp\/v2\/pages\/4661\/revisions"}],"wp:attachment":[{"href":"https:\/\/gamigroup.com\/en\/wp-json\/wp\/v2\/media?parent=4661"}],"curies":[{"name":"wp","href":"https:\/\/api.w.org\/{rel}","templated":true}]}}