{"id":4653,"date":"2020-04-16T17:50:57","date_gmt":"2020-04-16T10:50:57","guid":{"rendered":"https:\/\/gamigroup.com\/?page_id=4653"},"modified":"2020-04-16T17:50:57","modified_gmt":"2020-04-16T10:50:57","slug":"news","status":"publish","type":"page","link":"https:\/\/gamigroup.com\/en\/news\/","title":{"rendered":"NEWS"},"content":{"rendered":"\n\t<section class=\"section\" id=\"section_1258913610\">\n\t\t<div class=\"section-bg fill\" >\n\t\t\t<img loading=\"lazy\" decoding=\"async\" width=\"1920\" height=\"989\" src=\"https:\/\/gamigroup.com\/wp-content\/uploads\/2019\/06\/bg-sub.jpg\" class=\"bg attachment- size-\" alt=\"\" title=\"\">\t\t\t\t\t\t\n\t\t\t\n\n\t\t<\/div>\n\n\t\t\n\n\t\t<div class=\"section-content relative\">\n\t\t\t\n<div class=\"row\" id=\"row-157264716\">\n\n\t<div id=\"col-667376662\" class=\"col small-12 large-12\" >\n\t\t\t\t<div class=\"col-inner\" >\n\t\t\t\n\t\t\t\n <div id=\"page-header-1644110893\" class=\"page-header-wrapper\">\n <div class=\"page-title dark simple-title\">\n\n \n <div class=\"page-title-inner container align-center flex-row medium-flex-wrap\" >\n <div class=\"title-wrapper is-large flex-col text-left medium-text-center\">\n <h1 class=\"entry-title mb-0\">\n NEWS <\/h1>\n <\/div>\n <div class=\"title-content flex-col flex-right text-right medium-text-center\">\n <div class=\"title-share pt-half pb-half\"><div class=\"social-icons share-icons share-row relative\" ><a href=\"https:\/\/www.facebook.com\/sharer.php?u=https:\/\/gamigroup.com\/en\/news\/\" data-label=\"Facebook\" onclick=\"window.open(this.href,this.title,'width=500,height=500,top=300px,left=300px'); return false;\" target=\"_blank\" class=\"icon button circle is-outline tooltip facebook\" title=\"Share on Facebook\" aria-label=\"Share on Facebook\" rel=\"noopener nofollow\" ><i class=\"icon-facebook\" ><\/i><\/a><a href=\"https:\/\/twitter.com\/share?url=https:\/\/gamigroup.com\/en\/news\/\" onclick=\"window.open(this.href,this.title,'width=500,height=500,top=300px,left=300px'); return false;\" target=\"_blank\" class=\"icon button circle is-outline tooltip twitter\" title=\"Share on Twitter\" aria-label=\"Share on Twitter\" rel=\"noopener nofollow\" ><i class=\"icon-twitter\" ><\/i><\/a><a href=\"mailto:?subject=NEWS&body=Check%20this%20out%3A%20https%3A%2F%2Fgamigroup.com%2Fen%2Fnews%2F\" class=\"icon button circle is-outline tooltip email\" title=\"Email to a Friend\" aria-label=\"Email to a Friend\" rel=\"nofollow\" ><i class=\"icon-envelop\" ><\/i><\/a><a href=\"https:\/\/www.linkedin.com\/shareArticle?mini=true&url=https:\/\/gamigroup.com\/en\/news\/&title=NEWS\" onclick=\"window.open(this.href,this.title,'width=500,height=500,top=300px,left=300px'); return false;\" target=\"_blank\" class=\"icon button circle is-outline tooltip linkedin\" title=\"Share on LinkedIn\" aria-label=\"Share on LinkedIn\" rel=\"noopener nofollow\" ><i class=\"icon-linkedin\" ><\/i><\/a><a href=\"https:\/\/telegram.me\/share\/url?url=https:\/\/gamigroup.com\/en\/news\/\" onclick=\"window.open(this.href,this.title,'width=500,height=500,top=300px,left=300px'); return false;\" target=\"_blank\" class=\"icon button circle is-outline tooltip telegram\" title=\"Share on Telegram\" aria-label=\"Share on Telegram\" rel=\"noopener nofollow\" ><i class=\"icon-telegram\" ><\/i><\/a><\/div><\/div> <\/div>\n <\/div>\n\n <\/div>\n <\/div>\n \n\t\t<\/div>\n\t\t\t\t\t<\/div>\n\n\t\n<\/div>\n\t\t<\/div>\n\n\t\t\n<style>\n#section_1258913610{\n padding-top:30px;\n padding-bottom:30px;\n}\n#section_1258913610 .section-bg img{\n object-position:0% 52%;\n}\n<\/style>\n\t<\/section>\n\t\n\n\t<section class=\"section\" id=\"section_649745871\">\n\t\t<div class=\"section-bg fill\" >\n\t\t\t\t\t\t\t\t\t\n\t\t\t\n\n\t\t<\/div>\n\n\t\t\n\n\t\t<div class=\"section-content relative\">\n\t\t\t\n<div class=\"row\" id=\"row-1573392182\">\n\n\t<div id=\"col-1142380404\" class=\"col small-12 large-12\" >\n\t\t\t\t<div class=\"col-inner\" >\n\t\t\t\n\t\t\t\n<div class=\"row\" id=\"row-747674540\">\n\n\t<div id=\"col-359543211\" class=\"col medium-8 small-12 large-8\" >\n\t\t\t\t<div class=\"col-inner\" >\n\t\t\t\n\t\t\t\n\n \n <div class=\"row large-columns-2 medium-columns- small-columns-1 has-shadow row-box-shadow-1 row-box-shadow-3-hover\" >\n <div class=\"col post-item\" >\n\t\t\t<div class=\"col-inner\">\n\t\t\t\t<div class=\"box box-default box-text-bottom box-blog-post has-hover\">\n \t\t\t\t\t<div class=\"box-image\" >\n \t\t\t\t\t\t<div class=\"image-zoom image-cover\" style=\"padding-top:56%;\">\n\t\t\t\t\t\t\t<a href=\"https:\/\/gamigroup.com\/en\/congrats-phai-dep-gami-nhan-ngay-quoc-te-phu-nu\/\" class=\"plain\" aria-label=\"Congrats ph\u00e1i \u0111\u1eb9p Gami nh\u00e2n ng\u00e0y Qu\u1ed1c t\u1ebf Ph\u1ee5 n\u1eef\">\n\t\t\t\t\t\t\t\t<img loading=\"lazy\" decoding=\"async\" width=\"1920\" height=\"1080\" src=\"https:\/\/gamigroup.com\/wp-content\/uploads\/2020\/03\/all.png\" class=\"attachment-original size-original wp-post-image\" alt=\"\" srcset=\"https:\/\/gamigroup.com\/wp-content\/uploads\/2020\/03\/all.png 1920w, https:\/\/gamigroup.com\/wp-content\/uploads\/2020\/03\/all-300x169.png 300w, https:\/\/gamigroup.com\/wp-content\/uploads\/2020\/03\/all-768x432.png 768w, https:\/\/gamigroup.com\/wp-content\/uploads\/2020\/03\/all-1024x576.png 1024w\" sizes=\"auto, (max-width: 1920px) 100vw, 1920px\" title=\"\">\t\t\t\t\t\t\t<\/a>\n \t\t\t\t\t\t\t \t\t\t\t\t\t\t \t\t\t\t\t\t<\/div>\n \t\t\t\t\t\t \t\t\t\t\t<\/div>\n \t\t\t\t\t<div class=\"box-text text-left\" >\n\t\t\t\t\t<div class=\"box-text-inner blog-post-inner\">\n\n\t\t\t\t\t\n\t\t\t\t\t\t\t\t\t\t<h5 class=\"post-title is-larger uppercase\">\n\t\t\t\t\t\t<a href=\"https:\/\/gamigroup.com\/en\/congrats-phai-dep-gami-nhan-ngay-quoc-te-phu-nu\/\" class=\"plain\">Congrats ph\u00e1i \u0111\u1eb9p Gami nh\u00e2n ng\u00e0y Qu\u1ed1c t\u1ebf Ph\u1ee5 n\u1eef<\/a>\n\t\t\t\t\t<\/h5>\n\t\t\t\t\t\t\t\t\t\t<div class=\"is-divider\"><\/div>\n\t\t\t\t\t\t\t\t\t\t<p class=\"from_the_blog_excerpt \">\n\t\t\t\t\t\tNh\u00e2n \u0111\u00f3n ch\u00e0o m\u1ed9t ng\u00e0y l\u1ec5 c\u1ee7a m\u1ed9t n\u1eeda th\u1ebf gi\u1edbi \u0111ang \u0111\u1ebfn r\u1ea5t g\u1ea7n, xin g\u1eedi t\u1eb7ng m\u1ed9t ca...\t\t\t\t\t<\/p>\n\t\t\t\t\t \n\t\t\t\t\t\t\t\t\t\t\t<a href=\"https:\/\/gamigroup.com\/en\/congrats-phai-dep-gami-nhan-ngay-quoc-te-phu-nu\/\" class=\"button is-outline is-small mb-0\">\n\t\t\t\t\t\t\t\u0110\u1ecdc th\u00eam\t\t\t\t\t\t<\/a>\n\t\t\t\t\t\n\t\t\t\t\t\n\t\t\t\t\t<\/div>\n\t\t\t\t\t<\/div>\n\t\t\t\t\t\t\t\t\t\t\t\t\t\t\t\t<div class=\"badge absolute top post-date badge-square\">\n\t\t\t\t\t\t\t<div class=\"badge-inner\">\n\t\t\t\t\t\t\t\t<span class=\"post-date-day\">17<\/span><br>\n\t\t\t\t\t\t\t\t<span class=\"post-date-month is-xsmall\">Apr<\/span>\n\t\t\t\t\t\t\t<\/div>\n\t\t\t\t\t\t<\/div>\n\t\t\t\t\t\t\t\t\t<\/div>\n\t\t\t<\/div>\n\t\t<\/div><div class=\"col post-item\" >\n\t\t\t<div class=\"col-inner\">\n\t\t\t\t<div class=\"box box-default box-text-bottom box-blog-post has-hover\">\n \t\t\t\t\t<div class=\"box-image\" >\n \t\t\t\t\t\t<div class=\"image-zoom image-cover\" style=\"padding-top:56%;\">\n\t\t\t\t\t\t\t<a href=\"https:\/\/gamigroup.com\/en\/gami-news-update-news-covid-19\/\" class=\"plain\" aria-label=\"Gami News update news Covid-19\">\n\t\t\t\t\t\t\t\t<img loading=\"lazy\" decoding=\"async\" width=\"770\" height=\"415\" src=\"https:\/\/gamigroup.com\/wp-content\/uploads\/2020\/03\/coronavirus-website-2.jpg\" class=\"attachment-original size-original wp-post-image\" alt=\"\" srcset=\"https:\/\/gamigroup.com\/wp-content\/uploads\/2020\/03\/coronavirus-website-2.jpg 770w, https:\/\/gamigroup.com\/wp-content\/uploads\/2020\/03\/coronavirus-website-2-300x162.jpg 300w, https:\/\/gamigroup.com\/wp-content\/uploads\/2020\/03\/coronavirus-website-2-768x414.jpg 768w\" sizes=\"auto, (max-width: 770px) 100vw, 770px\" title=\"\">\t\t\t\t\t\t\t<\/a>\n \t\t\t\t\t\t\t \t\t\t\t\t\t\t \t\t\t\t\t\t<\/div>\n \t\t\t\t\t\t \t\t\t\t\t<\/div>\n \t\t\t\t\t<div class=\"box-text text-left\" >\n\t\t\t\t\t<div class=\"box-text-inner blog-post-inner\">\n\n\t\t\t\t\t\n\t\t\t\t\t\t\t\t\t\t<h5 class=\"post-title is-larger uppercase\">\n\t\t\t\t\t\t<a href=\"https:\/\/gamigroup.com\/en\/gami-news-update-news-covid-19\/\" class=\"plain\">Gami News update news Covid-19<\/a>\n\t\t\t\t\t<\/h5>\n\t\t\t\t\t\t\t\t\t\t<div class=\"is-divider\"><\/div>\n\t\t\t\t\t\t\t\t\t\t<p class=\"from_the_blog_excerpt \">\n\t\t\t\t\t\tTin t\u1ee9c m\u00f9a d\u1ecbch Covid-19 B\u1ea3n tin s\u1ed1 01 &#8211; Ph\u00e1t s\u00f3ng ng\u00e0y 09\/03\/2020 B\u1ea3n tin s\u1ed1 02 &#8211; Ph\u00e1t...\t\t\t\t\t<\/p>\n\t\t\t\t\t \n\t\t\t\t\t\t\t\t\t\t\t<a href=\"https:\/\/gamigroup.com\/en\/gami-news-update-news-covid-19\/\" class=\"button is-outline is-small mb-0\">\n\t\t\t\t\t\t\t\u0110\u1ecdc th\u00eam\t\t\t\t\t\t<\/a>\n\t\t\t\t\t\n\t\t\t\t\t\n\t\t\t\t\t<\/div>\n\t\t\t\t\t<\/div>\n\t\t\t\t\t\t\t\t\t\t\t\t\t\t\t\t<div class=\"badge absolute top post-date badge-square\">\n\t\t\t\t\t\t\t<div class=\"badge-inner\">\n\t\t\t\t\t\t\t\t<span class=\"post-date-day\">17<\/span><br>\n\t\t\t\t\t\t\t\t<span class=\"post-date-month is-xsmall\">Apr<\/span>\n\t\t\t\t\t\t\t<\/div>\n\t\t\t\t\t\t<\/div>\n\t\t\t\t\t\t\t\t\t<\/div>\n\t\t\t<\/div>\n\t\t<\/div><div class=\"col post-item\" >\n\t\t\t<div class=\"col-inner\">\n\t\t\t\t<div class=\"box box-default box-text-bottom box-blog-post has-hover\">\n \t\t\t\t\t<div class=\"box-image\" >\n \t\t\t\t\t\t<div class=\"image-zoom image-cover\" style=\"padding-top:56%;\">\n\t\t\t\t\t\t\t<a href=\"https:\/\/gamigroup.com\/en\/moving-on-gamians\/\" class=\"plain\" aria-label=\"Moving on, Gamians!\">\n\t\t\t\t\t\t\t\t<img loading=\"lazy\" decoding=\"async\" width=\"5760\" height=\"3456\" src=\"https:\/\/gamigroup.com\/wp-content\/uploads\/2020\/03\/1D7A9421.jpg\" class=\"attachment-original size-original wp-post-image\" alt=\"\" srcset=\"https:\/\/gamigroup.com\/wp-content\/uploads\/2020\/03\/1D7A9421.jpg 5760w, https:\/\/gamigroup.com\/wp-content\/uploads\/2020\/03\/1D7A9421-300x180.jpg 300w, https:\/\/gamigroup.com\/wp-content\/uploads\/2020\/03\/1D7A9421-768x461.jpg 768w, https:\/\/gamigroup.com\/wp-content\/uploads\/2020\/03\/1D7A9421-1024x614.jpg 1024w\" sizes=\"auto, (max-width: 5760px) 100vw, 5760px\" title=\"\">\t\t\t\t\t\t\t<\/a>\n \t\t\t\t\t\t\t \t\t\t\t\t\t\t \t\t\t\t\t\t<\/div>\n \t\t\t\t\t\t \t\t\t\t\t<\/div>\n \t\t\t\t\t<div class=\"box-text text-left\" >\n\t\t\t\t\t<div class=\"box-text-inner blog-post-inner\">\n\n\t\t\t\t\t\n\t\t\t\t\t\t\t\t\t\t<h5 class=\"post-title is-larger uppercase\">\n\t\t\t\t\t\t<a href=\"https:\/\/gamigroup.com\/en\/moving-on-gamians\/\" class=\"plain\">Moving on, Gamians!<\/a>\n\t\t\t\t\t<\/h5>\n\t\t\t\t\t\t\t\t\t\t<div class=\"is-divider\"><\/div>\n\t\t\t\t\t\t\t\t\t\t<p class=\"from_the_blog_excerpt \">\n\t\t\t\t\t\tCu\u1ed9c chi\u1ebfn ch\u1ed1ng d\u1ecbch nh\u01b0 cu\u1ed9c chi\u1ebfn v\u1edbi qu\u00e2n th\u00f9. K\u1ebb th\u00f9 kh\u00f4ng ch\u1ec9 l\u00e0 b\u1ec7nh t\u1eadt m\u00e0 c\u00f2n l\u00e0...\t\t\t\t\t<\/p>\n\t\t\t\t\t \n\t\t\t\t\t\t\t\t\t\t\t<a href=\"https:\/\/gamigroup.com\/en\/moving-on-gamians\/\" class=\"button is-outline is-small mb-0\">\n\t\t\t\t\t\t\t\u0110\u1ecdc th\u00eam\t\t\t\t\t\t<\/a>\n\t\t\t\t\t\n\t\t\t\t\t\n\t\t\t\t\t<\/div>\n\t\t\t\t\t<\/div>\n\t\t\t\t\t\t\t\t\t\t\t\t\t\t\t\t<div class=\"badge absolute top post-date badge-square\">\n\t\t\t\t\t\t\t<div class=\"badge-inner\">\n\t\t\t\t\t\t\t\t<span class=\"post-date-day\">17<\/span><br>\n\t\t\t\t\t\t\t\t<span class=\"post-date-month is-xsmall\">Apr<\/span>\n\t\t\t\t\t\t\t<\/div>\n\t\t\t\t\t\t<\/div>\n\t\t\t\t\t\t\t\t\t<\/div>\n\t\t\t<\/div>\n\t\t<\/div><div class=\"col post-item\" >\n\t\t\t<div class=\"col-inner\">\n\t\t\t\t<div class=\"box box-default box-text-bottom box-blog-post has-hover\">\n \t\t\t\t\t<div class=\"box-image\" >\n \t\t\t\t\t\t<div class=\"image-zoom image-cover\" style=\"padding-top:56%;\">\n\t\t\t\t\t\t\t<a href=\"https:\/\/gamigroup.com\/en\/15-gioi-luat-nguyen-tac-song-cua-nguoi-gami\/\" class=\"plain\" aria-label=\"15 Gi\u1edbi lu\u1eadt &#8211; Nguy\u00ean t\u1eafc s\u1ed1ng c\u1ee7a ng\u01b0\u1eddi Gami\">\n\t\t\t\t\t\t\t\t<img loading=\"lazy\" decoding=\"async\" width=\"960\" height=\"960\" src=\"https:\/\/gamigroup.com\/wp-content\/uploads\/2020\/03\/88397686_216287589566875_515543629121454080_o.jpg\" class=\"attachment-original size-original wp-post-image\" alt=\"\" srcset=\"https:\/\/gamigroup.com\/wp-content\/uploads\/2020\/03\/88397686_216287589566875_515543629121454080_o.jpg 960w, https:\/\/gamigroup.com\/wp-content\/uploads\/2020\/03\/88397686_216287589566875_515543629121454080_o-150x150.jpg 150w, https:\/\/gamigroup.com\/wp-content\/uploads\/2020\/03\/88397686_216287589566875_515543629121454080_o-300x300.jpg 300w, https:\/\/gamigroup.com\/wp-content\/uploads\/2020\/03\/88397686_216287589566875_515543629121454080_o-768x768.jpg 768w\" sizes=\"auto, (max-width: 960px) 100vw, 960px\" title=\"\">\t\t\t\t\t\t\t<\/a>\n \t\t\t\t\t\t\t \t\t\t\t\t\t\t \t\t\t\t\t\t<\/div>\n \t\t\t\t\t\t \t\t\t\t\t<\/div>\n \t\t\t\t\t<div class=\"box-text text-left\" >\n\t\t\t\t\t<div class=\"box-text-inner blog-post-inner\">\n\n\t\t\t\t\t\n\t\t\t\t\t\t\t\t\t\t<h5 class=\"post-title is-larger uppercase\">\n\t\t\t\t\t\t<a href=\"https:\/\/gamigroup.com\/en\/15-gioi-luat-nguyen-tac-song-cua-nguoi-gami\/\" class=\"plain\">15 Gi\u1edbi lu\u1eadt &#8211; Nguy\u00ean t\u1eafc s\u1ed1ng c\u1ee7a ng\u01b0\u1eddi Gami<\/a>\n\t\t\t\t\t<\/h5>\n\t\t\t\t\t\t\t\t\t\t<div class=\"is-divider\"><\/div>\n\t\t\t\t\t\t\t\t\t\t<p class=\"from_the_blog_excerpt \">\n\t\t\t\t\t\tV\u0103n H\u00f3a M\u1ea1nh Gami mang d\u1ea5u \u1ea5n r\u1ea5t ri\u00eang, \u0111\u00e3 v\u00e0 \u0111ang t\u1eebng ng\u00e0y g\u00f3p ph\u1ea7n v\u00e0o ho\u00e0n thi\u1ec7n, ph\u00e1t...\t\t\t\t\t<\/p>\n\t\t\t\t\t \n\t\t\t\t\t\t\t\t\t\t\t<a href=\"https:\/\/gamigroup.com\/en\/15-gioi-luat-nguyen-tac-song-cua-nguoi-gami\/\" class=\"button is-outline is-small mb-0\">\n\t\t\t\t\t\t\t\u0110\u1ecdc th\u00eam\t\t\t\t\t\t<\/a>\n\t\t\t\t\t\n\t\t\t\t\t\n\t\t\t\t\t<\/div>\n\t\t\t\t\t<\/div>\n\t\t\t\t\t\t\t\t\t\t\t\t\t\t\t\t<div class=\"badge absolute top post-date badge-square\">\n\t\t\t\t\t\t\t<div class=\"badge-inner\">\n\t\t\t\t\t\t\t\t<span class=\"post-date-day\">17<\/span><br>\n\t\t\t\t\t\t\t\t<span class=\"post-date-month is-xsmall\">Apr<\/span>\n\t\t\t\t\t\t\t<\/div>\n\t\t\t\t\t\t<\/div>\n\t\t\t\t\t\t\t\t\t<\/div>\n\t\t\t<\/div>\n\t\t<\/div><div class=\"col post-item\" >\n\t\t\t<div class=\"col-inner\">\n\t\t\t\t<div class=\"box box-default box-text-bottom box-blog-post has-hover\">\n \t\t\t\t\t<div class=\"box-image\" >\n \t\t\t\t\t\t<div class=\"image-zoom image-cover\" style=\"padding-top:56%;\">\n\t\t\t\t\t\t\t<a href=\"https:\/\/gamigroup.com\/en\/livestream-chu-de-covid-19-duoi-goc-nhin-quy-luat-gieo-hat\/\" class=\"plain\" aria-label=\"Livestream ch\u1ee7 \u0111\u1ec1 \u201cCovid 19 d\u01b0\u1edbi g\u00f3c nh\u00ecn quy lu\u1eadt gieo h\u1ea1t\u201d\">\n\t\t\t\t\t\t\t\t<img loading=\"lazy\" decoding=\"async\" width=\"960\" height=\"540\" src=\"https:\/\/gamigroup.com\/wp-content\/uploads\/2020\/04\/92021243_2288127887956760_7849794723400122368_n.jpg\" class=\"attachment-original size-original wp-post-image\" alt=\"\" srcset=\"https:\/\/gamigroup.com\/wp-content\/uploads\/2020\/04\/92021243_2288127887956760_7849794723400122368_n.jpg 960w, https:\/\/gamigroup.com\/wp-content\/uploads\/2020\/04\/92021243_2288127887956760_7849794723400122368_n-300x169.jpg 300w, https:\/\/gamigroup.com\/wp-content\/uploads\/2020\/04\/92021243_2288127887956760_7849794723400122368_n-768x432.jpg 768w\" sizes=\"auto, (max-width: 960px) 100vw, 960px\" title=\"\">\t\t\t\t\t\t\t<\/a>\n \t\t\t\t\t\t\t \t\t\t\t\t\t\t \t\t\t\t\t\t<\/div>\n \t\t\t\t\t\t \t\t\t\t\t<\/div>\n \t\t\t\t\t<div class=\"box-text text-left\" >\n\t\t\t\t\t<div class=\"box-text-inner blog-post-inner\">\n\n\t\t\t\t\t\n\t\t\t\t\t\t\t\t\t\t<h5 class=\"post-title is-larger uppercase\">\n\t\t\t\t\t\t<a href=\"https:\/\/gamigroup.com\/en\/livestream-chu-de-covid-19-duoi-goc-nhin-quy-luat-gieo-hat\/\" class=\"plain\">Livestream ch\u1ee7 \u0111\u1ec1 \u201cCovid 19 d\u01b0\u1edbi g\u00f3c nh\u00ecn quy lu\u1eadt gieo h\u1ea1t\u201d<\/a>\n\t\t\t\t\t<\/h5>\n\t\t\t\t\t\t\t\t\t\t<div class=\"is-divider\"><\/div>\n\t\t\t\t\t\t\t\t\t\t<p class=\"from_the_blog_excerpt \">\n\t\t\t\t\t\tT\u1ed1i ng\u00e0y 9\/4, tr\u00ean group \u201cNCB \u2013 GAMI GIEO H\u1ea0T\u201d \u00a0\u0111\u00e3 t\u1ed5 ch\u1ee9c ch\u01b0\u01a1ng tr\u00ecnh Live stream ch\u1ee7 \u0111\u1ec1 \u201cCovid...\t\t\t\t\t<\/p>\n\t\t\t\t\t \n\t\t\t\t\t\t\t\t\t\t\t<a href=\"https:\/\/gamigroup.com\/en\/livestream-chu-de-covid-19-duoi-goc-nhin-quy-luat-gieo-hat\/\" class=\"button is-outline is-small mb-0\">\n\t\t\t\t\t\t\t\u0110\u1ecdc th\u00eam\t\t\t\t\t\t<\/a>\n\t\t\t\t\t\n\t\t\t\t\t\n\t\t\t\t\t<\/div>\n\t\t\t\t\t<\/div>\n\t\t\t\t\t\t\t\t\t\t\t\t\t\t\t\t<div class=\"badge absolute top post-date badge-square\">\n\t\t\t\t\t\t\t<div class=\"badge-inner\">\n\t\t\t\t\t\t\t\t<span class=\"post-date-day\">16<\/span><br>\n\t\t\t\t\t\t\t\t<span class=\"post-date-month is-xsmall\">Apr<\/span>\n\t\t\t\t\t\t\t<\/div>\n\t\t\t\t\t\t<\/div>\n\t\t\t\t\t\t\t\t\t<\/div>\n\t\t\t<\/div>\n\t\t<\/div><div class=\"col post-item\" >\n\t\t\t<div class=\"col-inner\">\n\t\t\t\t<div class=\"box box-default box-text-bottom box-blog-post has-hover\">\n \t\t\t\t\t<div class=\"box-image\" >\n \t\t\t\t\t\t<div class=\"image-zoom image-cover\" style=\"padding-top:56%;\">\n\t\t\t\t\t\t\t<a href=\"https:\/\/gamigroup.com\/en\/gamians-work-from-home\/\" class=\"plain\" aria-label=\"Gamians &#038; Work From Home\">\n\t\t\t\t\t\t\t\t<img loading=\"lazy\" decoding=\"async\" width=\"800\" height=\"400\" src=\"https:\/\/gamigroup.com\/wp-content\/uploads\/2020\/04\/screen-0.jpg\" class=\"attachment-original size-original wp-post-image\" alt=\"\" srcset=\"https:\/\/gamigroup.com\/wp-content\/uploads\/2020\/04\/screen-0.jpg 800w, https:\/\/gamigroup.com\/wp-content\/uploads\/2020\/04\/screen-0-300x150.jpg 300w, https:\/\/gamigroup.com\/wp-content\/uploads\/2020\/04\/screen-0-768x384.jpg 768w\" sizes=\"auto, (max-width: 800px) 100vw, 800px\" title=\"\">\t\t\t\t\t\t\t<\/a>\n \t\t\t\t\t\t\t \t\t\t\t\t\t\t \t\t\t\t\t\t<\/div>\n \t\t\t\t\t\t \t\t\t\t\t<\/div>\n \t\t\t\t\t<div class=\"box-text text-left\" >\n\t\t\t\t\t<div class=\"box-text-inner blog-post-inner\">\n\n\t\t\t\t\t\n\t\t\t\t\t\t\t\t\t\t<h5 class=\"post-title is-larger uppercase\">\n\t\t\t\t\t\t<a href=\"https:\/\/gamigroup.com\/en\/gamians-work-from-home\/\" class=\"plain\">Gamians &#038; Work From Home<\/a>\n\t\t\t\t\t<\/h5>\n\t\t\t\t\t\t\t\t\t\t<div class=\"is-divider\"><\/div>\n\t\t\t\t\t\t\t\t\t\t<p class=\"from_the_blog_excerpt \">\n\t\t\t\t\t\tTu\u00e2n th\u1ee7 c\u00e1ch ly x\u00e3 h\u1ed9i, v\u00e0 nh\u1eb1m \u0111\u1ea3m b\u1ea3o an to\u00e0n s\u1ee9c kh\u1ecfe cho CBNV, nhi\u1ec1u \u0111\u01a1n v\u1ecb t\u1ea1i...\t\t\t\t\t<\/p>\n\t\t\t\t\t \n\t\t\t\t\t\t\t\t\t\t\t<a href=\"https:\/\/gamigroup.com\/en\/gamians-work-from-home\/\" class=\"button is-outline is-small mb-0\">\n\t\t\t\t\t\t\t\u0110\u1ecdc th\u00eam\t\t\t\t\t\t<\/a>\n\t\t\t\t\t\n\t\t\t\t\t\n\t\t\t\t\t<\/div>\n\t\t\t\t\t<\/div>\n\t\t\t\t\t\t\t\t\t\t\t\t\t\t\t\t<div class=\"badge absolute top post-date badge-square\">\n\t\t\t\t\t\t\t<div class=\"badge-inner\">\n\t\t\t\t\t\t\t\t<span class=\"post-date-day\">16<\/span><br>\n\t\t\t\t\t\t\t\t<span class=\"post-date-month is-xsmall\">Apr<\/span>\n\t\t\t\t\t\t\t<\/div>\n\t\t\t\t\t\t<\/div>\n\t\t\t\t\t\t\t\t\t<\/div>\n\t\t\t<\/div>\n\t\t<\/div><\/div>\n\t\t<\/div>\n\t\t\t\t\t<\/div>\n\n\t\n\n\t<div id=\"col-576154723\" class=\"col medium-4 small-12 large-4\" >\n\t\t\t\t<div class=\"col-inner\" >\n\t\t\t\n\t\t\t\n<div class=\"container section-title-container\" style=\"margin-top:0px;margin-bottom:5px;\"><h3 class=\"section-title section-title-normal\"><b><\/b><span class=\"section-title-main\" >Chuy\u00ean m\u1ee5c tin<\/span><b><\/b><\/h3><\/div>\n<a href=\"\/category\/tin-hoat-dong-gami\/\" class=\"button primary\" >\n\t<i class=\"icon-angle-right\" aria-hidden=\"true\" ><\/i>\t<span>Tin ho\u1ea1t \u0111\u1ed9ng Gami<\/span>\n\t<\/a>\n\n<a href=\"\/category\/tin-thi-truong\/\" class=\"button primary\" >\n\t<i class=\"icon-angle-right\" aria-hidden=\"true\" ><\/i>\t<span>Tin th\u1ecb tr\u01b0\u1eddng<\/span>\n\t<\/a>\n\n<div class=\"container section-title-container\" ><h3 class=\"section-title section-title-normal\"><b><\/b><span class=\"section-title-main\" >Tin m\u1edbi nh\u1ea5t<\/span><b><\/b><\/h3><\/div>\n<p><mark>No block ID is set<\/mark><\/p>\n\t\t<\/div>\n\t\t\t\t\t<\/div>\n\n\t\n<\/div>\n\t\t<\/div>\n\t\t\t\t\t<\/div>\n\n\t\n<\/div>\n\t\t<\/div>\n\n\t\t\n<style>\n#section_649745871{\n padding-top:30px;\n padding-bottom:30px;\n}\n<\/style>\n\t<\/section>\n\t\n","protected":false},"excerpt":{"rendered":"","protected":false},"author":8,"featured_media":0,"parent":0,"menu_order":0,"comment_status":"closed","ping_status":"closed","template":"page-transparent-header-light.php","meta":{"footnotes":""},"class_list":["post-4653","page","type-page","status-publish","hentry"],"_links":{"self":[{"href":"https:\/\/gamigroup.com\/en\/wp-json\/wp\/v2\/pages\/4653","targetHints":{"allow":["GET"]}}],"collection":[{"href":"https:\/\/gamigroup.com\/en\/wp-json\/wp\/v2\/pages"}],"about":[{"href":"https:\/\/gamigroup.com\/en\/wp-json\/wp\/v2\/types\/page"}],"author":[{"embeddable":true,"href":"https:\/\/gamigroup.com\/en\/wp-json\/wp\/v2\/users\/8"}],"replies":[{"embeddable":true,"href":"https:\/\/gamigroup.com\/en\/wp-json\/wp\/v2\/comments?post=4653"}],"version-history":[{"count":0,"href":"https:\/\/gamigroup.com\/en\/wp-json\/wp\/v2\/pages\/4653\/revisions"}],"wp:attachment":[{"href":"https:\/\/gamigroup.com\/en\/wp-json\/wp\/v2\/media?parent=4653"}],"curies":[{"name":"wp","href":"https:\/\/api.w.org\/{rel}","templated":true}]}}